{"id":5560,"date":"2016-05-31T16:09:45","date_gmt":"2016-05-31T14:09:45","guid":{"rendered":"https:\/\/www.villavacanzeparadiso.com\/?page_id=5560"},"modified":"2018-05-11T15:16:33","modified_gmt":"2018-05-11T13:16:33","slug":"camere-del-residence","status":"publish","type":"page","link":"https:\/\/www.villavacanzeparadiso.com\/de\/camere-del-residence\/","title":{"rendered":"Die Zimmer"},"content":{"rendered":"<div class=\"wpb-content-wrapper\"><p>[vc_row rt_row_background_width=&#8220;fullwidth&#8220; rt_row_content_width=&#8220;fullwidth&#8220; rt_row_style=&#8220;default-style&#8220; rt_row_borders=&#8220;&#8220; rt_row_paddings=&#8220;false&#8220; rt_bg_effect=&#8220;parallax&#8220; rt_bg_parallax_effect=&#8220;1&#8243; rt_bg_image_repeat=&#8220;no-repeat&#8220; rt_bg_size=&#8220;100% auto&#8220; rt_bg_position=&#8220;right top&#8220; rt_bg_video_format=&#8220;self-hosted&#8220; rt_row_width=&#8220;default&#8220; rt_row_placement=&#8220;true&#8220;][vc_column rt_bg_image_repeat=&#8220;repeat&#8220; rt_bg_size=&#8220;100% auto&#8220; rt_bg_attachment=&#8220;fixed&#8220; rt_padding_top=&#8220;0px&#8220; rt_padding_bottom=&#8220;0px&#8220; rt_padding_left=&#8220;0px&#8220; rt_padding_right=&#8220;0px&#8220;][vc_single_image image=&#8220;6011&#8243; img_size=&#8220;full&#8220; alignment=&#8220;center&#8220; css=&#8220;.vc_custom_1482243159260{padding-top: 0px !important;padding-right: 0px !important;padding-bottom: 0px !important;padding-left: 0px !important;}&#8220;][\/vc_column][\/vc_row][vc_row rt_row_background_width=&#8220;fullwidth&#8220; rt_row_content_width=&#8220;default&#8220; rt_row_style=&#8220;default-style&#8220; rt_row_borders=&#8220;bottom&#8220; rt_row_paddings=&#8220;true&#8220; rt_bg_effect=&#8220;parallax&#8220; rt_bg_parallax_effect=&#8220;1&#8243; rt_bg_image_repeat=&#8220;repeat&#8220; rt_bg_size=&#8220;auto auto&#8220; rt_bg_position=&#8220;right top&#8220; rt_bg_video_format=&#8220;self-hosted&#8220; rt_row_width=&#8220;default&#8220; rt_row_placement=&#8220;true&#8220; class=&#8220;striscia-form&#8220; rt_bg_color=&#8220;#18693b&#8220; rt_padding_bottom=&#8220;50px&#8220;][vc_column rt_bg_image_repeat=&#8220;repeat&#8220; rt_bg_size=&#8220;auto auto&#8220; rt_bg_attachment=&#8220;scroll&#8220;][vc_column_text]\r\n\r\n    <div class=\"icon-top-bar\">\r\n\r\n        <div class=\"one-icon-div left\">\r\n\r\n        <i class=\"fa fa-star\" aria-hidden=\"true\"><\/i><h3>Bestpreisgarantie<\/h3>\r\n\r\n        <\/div>\r\n\r\n        <div class=\"one-icon-div center\">\r\n\r\n        <i class=\"fa fa-tags\" aria-hidden=\"true\"><\/i><h3>Exklusive Angebote<\/h3>\r\n\r\n        <\/div>\r\n\r\n        <div class=\"one-icon-div right\">\r\n\r\n        <i class=\"fa fa-user\" aria-hidden=\"true\"><\/i><h3>Kundenspezifische Dienstleistungen<\/h3>\r\n\r\n        <\/div>\r\n\r\n    <\/div>\r\n\r\n\r\n<script class=\"kas_online_reception\" src=\"https:\/\/wubook.net\/js\/nebk\/bwidget.jgz\" data-wid=\"047cfe91-93dc-475d-9807-7c61409e04d4\"><\/script>\r\n\r\n  [\/vc_column_text][\/vc_column][\/vc_row][vc_row rt_row_background_width=&#8220;default&#8220; rt_row_style=&#8220;default-style&#8220; rt_row_borders=&#8220;&#8220; rt_overlap=&#8220;true&#8220; rt_row_paddings=&#8220;true&#8220; rt_bg_effect=&#8220;classic&#8220; rt_bg_image_repeat=&#8220;repeat&#8220; rt_bg_size=&#8220;cover&#8220; rt_bg_position=&#8220;right top&#8220; rt_bg_attachment=&#8220;scroll&#8220; rt_bg_video_format=&#8220;self-hosted&#8220;][vc_column rt_bg_image_repeat=&#8220;repeat&#8220; rt_bg_size=&#8220;auto auto&#8220; rt_bg_attachment=&#8220;scroll&#8220;][vc_column_text]Residence Villa Vacanze Paradiso in Neviano nicht weit von der sch\u00f6nen Stadt Gallipoli , ideal f\u00fcr einen Urlaub im Salento in v\u00f6lliger Entspannung und Komfort liegt.<\/p>\n<p>Die Zimmer im Bed and Breakfast sind komfortabel, elegant und hell, jeweils mit allen Annehmlichkeiten:<\/p>\n<ul class=\"descr-dettaglio fa-ul\">\n<li><i class=\"fa-li fa fa-check\"><\/i>eigenes Bad mit Dusche, Bidet und Haartrockner<\/li>\n<li><i class=\"fa-li fa fa-check\"><\/i>Klimaanlage und Heizung<\/li>\n<li><i class=\"fa-li fa fa-check\"><\/i>Fernseher<\/li>\n<li><i class=\"fa-li fa fa-check\"><\/i>K\u00fchlschrank Bar oder K\u00fchlschrank<\/li>\n<li><i class=\"fa-li fa fa-check\"><\/i>Safe<\/li>\n<li><i class=\"fa-li fa fa-check\"><\/i>Telefon f\u00fcr Anrufe empfangen<\/li>\n<li><i class=\"fa-li fa fa-check\"><\/i>Bettw\u00e4sche und Handt\u00fccher<\/li>\n<li><i class=\"fa-li fa fa-check\"><\/i>Wi-Fi gratis<\/li>\n<\/ul>\n<p>[\/vc_column_text][vc_empty_space height=&#8220;40px&#8220;]<div class=\"rt_heading_wrapper style-1\">\n\t\t\t\t\t\t\n\t\t\t\t\t\t<h3 class=\"rt_heading  style-1\" >Die Zimmer der Villa Vacanze Paradiso sind:<\/h3>\n\t\t\t\t\t<\/div>[vc_row_inner rt_row_style=&#8220;global-style&#8220;][vc_column_inner width=&#8220;1\/2&#8243; rt_bg_image_repeat=&#8220;repeat&#8220; rt_bg_size=&#8220;auto auto&#8220; rt_bg_attachment=&#8220;scroll&#8220;]<article  class=\"icon-content-box content-box icon-left icon-style-2\"><div class=\"icon-holder\"><a href=\"\/de\/camera-dalia\/\" title=\"\" target=\"_self\"><span class=\"icon-key-1\"><\/span><\/a><\/div><div class=\"text-holder\">\n\t<h6 class=\"heading\">\n\t\t<a href=\"\/de\/camera-dalia\/\" title=\"Zimmer Dalia\" target=\"_self\">\n\t\t\tZimmer Dalia\n\t\t<\/a>\n\t<\/h6> <p>Doppelzimmer eingerichtet mit Geschmack und Sorgfalt, mit eigenem Bad, TV und Klimaanlage.<\/p>\n<\/div><\/article><article  class=\"icon-content-box content-box icon-left icon-style-2\"><div class=\"icon-holder\"><a href=\"\/de\/camera-ibisco\/\" title=\"\" target=\"_self\"><span class=\"icon-key-1\"><\/span><\/a><\/div><div class=\"text-holder\">\n\t<h6 class=\"heading\">\n\t\t<a href=\"\/de\/camera-ibisco\/\" title=\"Zimmer Ibisco\" target=\"_self\">\n\t\t\tZimmer Ibisco\n\t\t<\/a>\n\t<\/h6> <p>Gro\u00dfe Schlafzimmer, mit Sorgfalt f\u00fcr maximalen Komfort unserer G\u00e4ste eingerichtet.<\/p>\n<\/div><\/article><article  class=\"icon-content-box content-box icon-left icon-style-2\"><div class=\"icon-holder\"><a href=\"\/de\/camera-verbena\/\" title=\"\" target=\"_self\"><span class=\"icon-key-1\"><\/span><\/a><\/div><div class=\"text-holder\">\n\t<h6 class=\"heading\">\n\t\t<a href=\"\/de\/camera-verbena\/\" title=\"Zimmer Verbena\" target=\"_self\">\n\t\t\tZimmer Verbena\n\t\t<\/a>\n\t<\/h6> <p>Zimmer elegant und bequemes Bett, mit eigenem Bad, Klimaanlage und TV.<\/p>\n<\/div><\/article><article  class=\"icon-content-box content-box icon-left icon-style-2\"><div class=\"icon-holder\"><a href=\"\/de\/camera-ciclamino\/\" title=\"\" target=\"_self\"><span class=\"icon-key-1\"><\/span><\/a><\/div><div class=\"text-holder\">\n\t<h6 class=\"heading\">\n\t\t<a href=\"\/de\/camera-ciclamino\/\" title=\"Zimmer Ciclamino\" target=\"_self\">\n\t\t\tZimmer Ciclamino\n\t\t<\/a>\n\t<\/h6> <p>Doppelzimmer mit allen Annehmlichkeiten, mit eigenem Bad, TV und Klimaanlage.<\/p>\n<\/div><\/article><article  class=\"icon-content-box content-box icon-left icon-style-2\"><div class=\"icon-holder\"><a href=\"\/de\/camera-lavanda\/\" title=\"\" target=\"_self\"><span class=\"icon-key-1\"><\/span><\/a><\/div><div class=\"text-holder\">\n\t<h6 class=\"heading\">\n\t\t<a href=\"\/de\/camera-lavanda\/\" title=\"Zimmer Lavanda\" target=\"_self\">\n\t\t\tZimmer Lavanda\n\t\t<\/a>\n\t<\/h6> <p>Doppelzimmer mit eigenem Bad mit Dusche, TV und Klimaanlage.<\/p>\n<\/div><\/article>[\/vc_column_inner][vc_column_inner width=&#8220;1\/2&#8243; rt_bg_image_repeat=&#8220;repeat&#8220; rt_bg_size=&#8220;auto auto&#8220; rt_bg_attachment=&#8220;scroll&#8220;][vc_column_text]\n\t\t<!-- MasterSlider -->\n\t\t<div id=\"P_MS69e493e242965\" class=\"master-slider-parent msl ms-parent-id-17\" style=\"max-width:800px;\"  >\n\n\t\t\t\n\t\t\t<!-- MasterSlider Main -->\n\t\t\t<div id=\"MS69e493e242965\" class=\"master-slider ms-skin-default\" >\n\t\t\t\t \t\t\t\t \n\t\t\t\t<div  class=\"ms-slide\" data-delay=\"3\" data-fill-mode=\"fill\"  >\n\t\t\t\t\t<img decoding=\"async\" src=\"https:\/\/www.villavacanzeparadiso.com\/wp-content\/plugins\/master-slider\/public\/assets\/css\/blank.gif\" alt=\"Camere del Residence\" title=\"\" data-src=\"https:\/\/www.villavacanzeparadiso.com\/wp-content\/uploads\/2016\/12\/dalia-gallery-1.jpg\" \/>\n\n\n\t<img decoding=\"async\" class=\"ms-thumb\" src=\"https:\/\/www.villavacanzeparadiso.com\/wp-content\/uploads\/2016\/12\/dalia-gallery-1-140x80.jpg\" alt=\"Camere del Residence\" \/>\n\t<div class=\"ms-thumb\" ><div class=\"ms-tab-context\"><div class=&quot;ms-tab-context&quot;><\/div><\/div>\n<\/div>\n\t\t\t\t<\/div>\n\t\t\t\t<div  class=\"ms-slide\" data-delay=\"3\" data-fill-mode=\"fill\"  >\n\t\t\t\t\t<img decoding=\"async\" src=\"https:\/\/www.villavacanzeparadiso.com\/wp-content\/plugins\/master-slider\/public\/assets\/css\/blank.gif\" alt=\"Camere del Residence\" title=\"\" data-src=\"https:\/\/www.villavacanzeparadiso.com\/wp-content\/uploads\/2016\/12\/ibisco-gallery-2.jpg\" \/>\n\n\n\t<img decoding=\"async\" class=\"ms-thumb\" src=\"https:\/\/www.villavacanzeparadiso.com\/wp-content\/uploads\/2016\/12\/ibisco-gallery-2-140x80.jpg\" alt=\"Camere del Residence\" \/>\n\t<div class=\"ms-thumb\" ><div class=\"ms-tab-context\"><div class=&quot;ms-tab-context&quot;><\/div><\/div>\n<\/div>\n\t\t\t\t<\/div>\n\t\t\t\t<div  class=\"ms-slide\" data-delay=\"3\" data-fill-mode=\"fill\"  >\n\t\t\t\t\t<img decoding=\"async\" src=\"https:\/\/www.villavacanzeparadiso.com\/wp-content\/plugins\/master-slider\/public\/assets\/css\/blank.gif\" alt=\"Camere del Residence\" title=\"\" data-src=\"https:\/\/www.villavacanzeparadiso.com\/wp-content\/uploads\/2016\/12\/verbena-gallery-5.jpg\" \/>\n\n\n\t<img decoding=\"async\" class=\"ms-thumb\" src=\"https:\/\/www.villavacanzeparadiso.com\/wp-content\/uploads\/2016\/12\/verbena-gallery-5-140x80.jpg\" alt=\"Camere del Residence\" \/>\n\t<div class=\"ms-thumb\" ><div class=\"ms-tab-context\"><div class=&quot;ms-tab-context&quot;><\/div><\/div>\n<\/div>\n\t\t\t\t<\/div>\n\t\t\t\t<div  class=\"ms-slide\" data-delay=\"3\" data-fill-mode=\"fill\"  >\n\t\t\t\t\t<img decoding=\"async\" src=\"https:\/\/www.villavacanzeparadiso.com\/wp-content\/plugins\/master-slider\/public\/assets\/css\/blank.gif\" alt=\"Camere del Residence\" title=\"\" data-src=\"https:\/\/www.villavacanzeparadiso.com\/wp-content\/uploads\/2016\/12\/ciclamino-gallery-6.jpg\" \/>\n\n\n\t<img decoding=\"async\" class=\"ms-thumb\" src=\"https:\/\/www.villavacanzeparadiso.com\/wp-content\/uploads\/2016\/12\/ciclamino-gallery-6-140x80.jpg\" alt=\"Camere del Residence\" \/>\n\t<div class=\"ms-thumb\" ><div class=\"ms-tab-context\"><div class=&quot;ms-tab-context&quot;><\/div><\/div>\n<\/div>\n\t\t\t\t<\/div>\n\t\t\t\t<div  class=\"ms-slide\" data-delay=\"3\" data-fill-mode=\"fill\"  >\n\t\t\t\t\t<img decoding=\"async\" src=\"https:\/\/www.villavacanzeparadiso.com\/wp-content\/plugins\/master-slider\/public\/assets\/css\/blank.gif\" alt=\"Camere del Residence\" title=\"\" data-src=\"https:\/\/www.villavacanzeparadiso.com\/wp-content\/uploads\/2016\/12\/lavanda-gallery-5.jpg\" \/>\n\n\n\t<img decoding=\"async\" class=\"ms-thumb\" src=\"https:\/\/www.villavacanzeparadiso.com\/wp-content\/uploads\/2016\/12\/lavanda-gallery-5-140x80.jpg\" alt=\"Camere del Residence\" \/>\n\t<div class=\"ms-thumb\" ><div class=\"ms-tab-context\"><div class=&quot;ms-tab-context&quot;><\/div><\/div>\n<\/div>\n\t\t\t\t<\/div>\n\n\t\t\t<\/div>\n\t\t\t<!-- END MasterSlider Main -->\n\n\t\t\t \n\t\t<\/div>\n\t\t<!-- END MasterSlider -->\n\n\t\t<script>\n\t\t(function ( $ ) {\n\t\t\t\"use strict\";\n\n\t\t\t$(function () {\n\t\t\t\tvar masterslider_2965 = new MasterSlider();\n\n\t\t\t\t\/\/ slider controls\n\t\t\t\tmasterslider_2965.control('arrows'     ,{ autohide:false, overVideo:true  });\t\t\t\tmasterslider_2965.control('bullets'    ,{ autohide:false, overVideo:true, dir:'h', align:'bottom' , margin:10  });\n\n\t\t\t\tmasterslider_2965.control('thumblist'  ,{ autohide:false, overVideo:true, dir:'h', speed:17, inset:false, arrows:false, hover:false, customClass:'', align:'bottom',type:'thumbs', margin:5, width:140, height:80, space:5, fillMode:'fill'  });\n\t\t\t\t\/\/ slider setup\n\t\t\t\tmasterslider_2965.setup(\"MS69e493e242965\", {\n\t\t\t\t\t\twidth           : 800,\n\t\t\t\t\t\theight          : 533,\n\t\t\t\t\t\tminHeight       : 0,\n\t\t\t\t\t\tspace           : 0,\n\t\t\t\t\t\tstart           : 1,\n\t\t\t\t\t\tgrabCursor      : true,\n\t\t\t\t\t\tswipe           : true,\n\t\t\t\t\t\tmouse           : true,\n\t\t\t\t\t\tlayout          : \"boxed\",\n\t\t\t\t\t\twheel           : false,\n\t\t\t\t\t\tautoplay        : false,\n\t\t\t\t\t\tinstantStartLayers:false,\n\t\t\t\t\t\tloop            : true,\n\t\t\t\t\t\tshuffle         : false,\n\t\t\t\t\t\tpreload         : 0,\n\t\t\t\t\t\theightLimit     : true,\n\t\t\t\t\t\tautoHeight      : false,\n\t\t\t\t\t\tsmoothHeight    : true,\n\t\t\t\t\t\tendPause        : false,\n\t\t\t\t\t\toverPause       : true,\n\t\t\t\t\t\tfillMode        : \"fill\",\n\t\t\t\t\t\tcenterControls  : true,\n\t\t\t\t\t\tstartOnAppear   : false,\n\t\t\t\t\t\tlayersMode      : \"center\",\n\t\t\t\t\t\thideLayers      : false,\n\t\t\t\t\t\tfullscreenMargin: 0,\n\t\t\t\t\t\tspeed           : 20,\n\t\t\t\t\t\tdir             : \"h\",\n\t\t\t\t\t\tparallaxMode    : 'swipe',\n\t\t\t\t\t\tview            : \"basic\"\n\t\t\t\t});\n\n\t\t\t\t\n\t\t\t\twindow.masterslider_instances = window.masterslider_instances || [];\n\t\t\t\twindow.masterslider_instances.push( masterslider_2965 );\n\t\t\t });\n\n\t\t})(jQuery);\n\t\t<\/script>\n\n[\/vc_column_text][\/vc_column_inner][\/vc_row_inner][vc_empty_space height=&#8220;40px&#8220;][vc_column_text]Alle Zimmer des Residence sind mit einem Rauchmelder-System, Alarmanlage und elektronische Schl\u00fcssel ausgestattet. T\u00e4glich Fr\u00fchst\u00fcck.[\/vc_column_text][vc_empty_space height=&#8220;20px&#8220;]<div class=\"rt_heading_wrapper style-1\">\n\t\t\t\t\t\t\n\t\t\t\t\t\t<h3 class=\"rt_heading  style-1\" >Das B&amp;B ideal f\u00fcr Ihren Urlaub<\/h3>\n\t\t\t\t\t<\/div>[vc_column_text]Neviano ist eine sch\u00f6ne Stadt des Salento, nicht weit von Gallipoli, die reich an Geschichte und Tradition, der ideale Ausgangspunkt f\u00fcr die unglaubliche Faszination des Gebiets zu entdecken.<\/p>\n<p>Residence Villa Vacanze Paradiso bietet mehrere M\u00f6glichkeiten zu bleiben, von Zimmer mit B&amp;B-L\u00f6sungen Ferienh\u00e4user mit allen Annehmlichkeiten.<\/p>\n<p>F\u00fcr unsere G\u00e4ste gibt es ein modernes Schwimmbad der Residenz f\u00fcr jedes Alter geeignet, einen Spielplatz, wo Ihre Kinder sicher und viele Einrichtungen spielen k\u00f6nnen, um Ihren Urlaub wirklich einzigartig in Gallipoli und Salento zu machen.[\/vc_column_text][vc_empty_space height=&#8220;50px&#8220;]<div class=\"rt_heading_wrapper style-1\">\n\t\t\t\t\t\t\n\t\t\t\t\t\t<h3 class=\"rt_heading  style-1\" >Die Leistungen:<\/h3>\n\t\t\t\t\t<\/div>[vc_row_inner rt_row_style=&#8220;global-style&#8220; css=&#8220;.vc_custom_1482146070197{margin-bottom: 20px !important;}&#8220;][vc_column_inner width=&#8220;1\/3&#8243; rt_bg_image_repeat=&#8220;repeat&#8220; rt_bg_size=&#8220;auto auto&#8220; rt_bg_attachment=&#8220;scroll&#8220;]<article  class=\"icon-content-box content-box icon-left icon-style-1\"><div class=\"icon-holder\"><span class=\"icon-truck\"><\/span><\/div><div class=\"text-holder\"><h5 class=\"heading\">Reservierte Parkpl\u00e4tze im Inneren<\/h5> <\/div><\/article>[\/vc_column_inner][vc_column_inner width=&#8220;1\/3&#8243; rt_bg_image_repeat=&#8220;repeat&#8220; rt_bg_size=&#8220;auto auto&#8220; rt_bg_attachment=&#8220;scroll&#8220;]<article  class=\"icon-content-box content-box icon-left icon-style-1\"><div class=\"icon-holder\"><span class=\"icon-rss\"><\/span><\/div><div class=\"text-holder\"><h5 class=\"heading\">Freier Zugang zum Internet<\/h5> <\/div><\/article>[\/vc_column_inner][vc_column_inner width=&#8220;1\/3&#8243; rt_bg_image_repeat=&#8220;repeat&#8220; rt_bg_size=&#8220;auto auto&#8220; rt_bg_attachment=&#8220;scroll&#8220;]<article  class=\"icon-content-box content-box icon-left icon-style-1\"><div class=\"icon-holder\"><span class=\"icon-droplet\"><\/span><\/div><div class=\"text-holder\"><h5 class=\"heading\">Bettw\u00e4sche und Handt\u00fccher und W\u00e4sche M\u00f6glichkeit<\/h5> <\/div><\/article>[\/vc_column_inner][\/vc_row_inner][vc_row_inner rt_row_style=&#8220;global-style&#8220;][vc_column_inner width=&#8220;1\/3&#8243; rt_bg_image_repeat=&#8220;repeat&#8220; rt_bg_size=&#8220;auto auto&#8220; rt_bg_attachment=&#8220;scroll&#8220;]<article  class=\"icon-content-box content-box icon-left icon-style-1\"><div class=\"icon-holder\"><span class=\"icon-fire-station\"><\/span><\/div><div class=\"text-holder\"><h5 class=\"heading\">Grill<\/h5> <\/div><\/article>[\/vc_column_inner][vc_column_inner width=&#8220;1\/3&#8243; rt_bg_image_repeat=&#8220;repeat&#8220; rt_bg_size=&#8220;auto auto&#8220; rt_bg_attachment=&#8220;scroll&#8220;]<article  class=\"icon-content-box content-box icon-left icon-style-1\"><div class=\"icon-holder\"><span class=\"icon-thumbs-up\"><\/span><\/div><div class=\"text-holder\"><h5 class=\"heading\">Zugang behinderter<\/h5> <p>Es gibt keine Barrieren.<\/p>\n<\/div><\/article>[\/vc_column_inner][vc_column_inner width=&#8220;1\/3&#8243; rt_bg_image_repeat=&#8220;repeat&#8220; rt_bg_size=&#8220;auto auto&#8220; rt_bg_attachment=&#8220;scroll&#8220;]<article  class=\"icon-content-box content-box icon-left icon-style-1\"><div class=\"icon-holder\"><span class=\"icon-star-1\"><\/span><\/div><div class=\"text-holder\"><h5 class=\"heading\">Kleine Tiere willkommen<\/h5> <p>Bed\u00fcrfen der vorherigen Genehmigung und etwaige Kosten.<\/p>\n<\/div><\/article>[\/vc_column_inner][\/vc_row_inner][\/vc_column][\/vc_row]<\/p>\n<\/div>","protected":false},"excerpt":{"rendered":"<p>[vc_row rt_row_background_width=&#8220;fullwidth&#8220; rt_row_content_width=&#8220;fullwidth&#8220; rt_row_style=&#8220;default-style&#8220; rt_row_borders=&#8220;&#8220; rt_row_paddings=&#8220;false&#8220; rt_bg_effect=&#8220;parallax&#8220; rt_bg_parallax_effect=&#8220;1&#8243; rt_bg_image_repeat=&#8220;no-repeat&#8220; rt_bg_size=&#8220;100% auto&#8220; rt_bg_position=&#8220;right top&#8220; rt_bg_video_format=&#8220;self-hosted&#8220; rt_row_width=&#8220;default&#8220; rt_row_placement=&#8220;true&#8220;][vc_column rt_bg_image_repeat=&#8220;repeat&#8220; rt_bg_size=&#8220;100% auto&#8220; rt_bg_attachment=&#8220;fixed&#8220; rt_padding_top=&#8220;0px&#8220; rt_padding_bottom=&#8220;0px&#8220; rt_padding_left=&#8220;0px&#8220; rt_padding_right=&#8220;0px&#8220;][vc_single_image image=&#8220;6011&#8243; img_size=&#8220;full&#8220; alignment=&#8220;center&#8220; css=&#8220;.vc_custom_1482243159260{padding-top: 0px !important;padding-right: 0px !important;padding-bottom: 0px !important;padding-left: 0px !important;}&#8220;][\/vc_column][\/vc_row][vc_row rt_row_background_width=&#8220;fullwidth&#8220; rt_row_content_width=&#8220;default&#8220; rt_row_style=&#8220;default-style&#8220; rt_row_borders=&#8220;bottom&#8220; rt_row_paddings=&#8220;true&#8220; rt_bg_effect=&#8220;parallax&#8220; rt_bg_parallax_effect=&#8220;1&#8243; rt_bg_image_repeat=&#8220;repeat&#8220; rt_bg_size=&#8220;auto auto&#8220; rt_bg_position=&#8220;right top&#8220; rt_bg_video_format=&#8220;self-hosted&#8220; rt_row_width=&#8220;default&#8220; rt_row_placement=&#8220;true&#8220; class=&#8220;striscia-form&#8220; rt_bg_color=&#8220;#18693b&#8220; rt_padding_bottom=&#8220;50px&#8220;][vc_column rt_bg_image_repeat=&#8220;repeat&#8220; [&hellip;]<\/p>\n","protected":false},"author":3,"featured_media":0,"parent":0,"menu_order":0,"comment_status":"closed","ping_status":"closed","template":"","meta":{"footnotes":""},"class_list":["post-5560","page","type-page","status-publish","hentry"],"_links":{"self":[{"href":"https:\/\/www.villavacanzeparadiso.com\/de\/wp-json\/wp\/v2\/pages\/5560","targetHints":{"allow":["GET"]}}],"collection":[{"href":"https:\/\/www.villavacanzeparadiso.com\/de\/wp-json\/wp\/v2\/pages"}],"about":[{"href":"https:\/\/www.villavacanzeparadiso.com\/de\/wp-json\/wp\/v2\/types\/page"}],"author":[{"embeddable":true,"href":"https:\/\/www.villavacanzeparadiso.com\/de\/wp-json\/wp\/v2\/users\/3"}],"replies":[{"embeddable":true,"href":"https:\/\/www.villavacanzeparadiso.com\/de\/wp-json\/wp\/v2\/comments?post=5560"}],"version-history":[{"count":0,"href":"https:\/\/www.villavacanzeparadiso.com\/de\/wp-json\/wp\/v2\/pages\/5560\/revisions"}],"wp:attachment":[{"href":"https:\/\/www.villavacanzeparadiso.com\/de\/wp-json\/wp\/v2\/media?parent=5560"}],"curies":[{"name":"wp","href":"https:\/\/api.w.org\/{rel}","templated":true}]}}