{"id":5623,"date":"2016-06-01T11:00:42","date_gmt":"2016-06-01T09:00:42","guid":{"rendered":"https:\/\/www.villavacanzeparadiso.com\/?page_id=5623"},"modified":"2025-01-09T18:00:35","modified_gmt":"2025-01-09T17:00:35","slug":"il-residence","status":"publish","type":"page","link":"https:\/\/www.villavacanzeparadiso.com\/de\/il-residence\/","title":{"rendered":"Unterk\u00fcnfte"},"content":{"rendered":"<div class=\"wpb-content-wrapper\"><p>[vc_row rt_row_background_width=&#8220;fullwidth&#8220; rt_row_content_width=&#8220;fullwidth&#8220; rt_row_style=&#8220;default-style&#8220; rt_row_borders=&#8220;&#8220; rt_row_paddings=&#8220;false&#8220; rt_bg_effect=&#8220;parallax&#8220; rt_bg_parallax_effect=&#8220;1&#8243; rt_bg_image_repeat=&#8220;no-repeat&#8220; rt_bg_size=&#8220;100% auto&#8220; rt_bg_position=&#8220;right top&#8220; rt_bg_video_format=&#8220;self-hosted&#8220; rt_row_width=&#8220;default&#8220; rt_row_placement=&#8220;true&#8220;][vc_column rt_bg_image_repeat=&#8220;repeat&#8220; rt_bg_size=&#8220;100% auto&#8220; rt_bg_attachment=&#8220;fixed&#8220; rt_padding_top=&#8220;0px&#8220; rt_padding_bottom=&#8220;0px&#8220; rt_padding_left=&#8220;0px&#8220; rt_padding_right=&#8220;0px&#8220;][vc_single_image image=&#8220;6031&#8243; img_size=&#8220;full&#8220; alignment=&#8220;center&#8220; css=&#8220;.vc_custom_1482243743618{padding-top: 0px !important;padding-right: 0px !important;padding-bottom: 0px !important;padding-left: 0px !important;}&#8220;][\/vc_column][\/vc_row][vc_row rt_row_background_width=&#8220;fullwidth&#8220; rt_row_content_width=&#8220;default&#8220; rt_row_style=&#8220;default-style&#8220; rt_row_borders=&#8220;bottom&#8220; rt_row_paddings=&#8220;true&#8220; rt_bg_effect=&#8220;parallax&#8220; rt_bg_parallax_effect=&#8220;1&#8243; rt_bg_image_repeat=&#8220;repeat&#8220; rt_bg_size=&#8220;auto auto&#8220; rt_bg_position=&#8220;right top&#8220; rt_bg_video_format=&#8220;self-hosted&#8220; rt_row_width=&#8220;default&#8220; rt_row_placement=&#8220;true&#8220; class=&#8220;striscia-form&#8220; rt_bg_color=&#8220;#18693b&#8220; rt_padding_bottom=&#8220;50px&#8220;][vc_column rt_bg_image_repeat=&#8220;repeat&#8220; rt_bg_size=&#8220;auto auto&#8220; rt_bg_attachment=&#8220;scroll&#8220;][vc_column_text]\r\n\r\n    <div class=\"icon-top-bar\">\r\n\r\n        <div class=\"one-icon-div left\">\r\n\r\n        <i class=\"fa fa-star\" aria-hidden=\"true\"><\/i><h3>Bestpreisgarantie<\/h3>\r\n\r\n        <\/div>\r\n\r\n        <div class=\"one-icon-div center\">\r\n\r\n        <i class=\"fa fa-tags\" aria-hidden=\"true\"><\/i><h3>Exklusive Angebote<\/h3>\r\n\r\n        <\/div>\r\n\r\n        <div class=\"one-icon-div right\">\r\n\r\n        <i class=\"fa fa-user\" aria-hidden=\"true\"><\/i><h3>Kundenspezifische Dienstleistungen<\/h3>\r\n\r\n        <\/div>\r\n\r\n    <\/div>\r\n\r\n\r\n<script class=\"kas_online_reception\" src=\"https:\/\/wubook.net\/js\/nebk\/bwidget.jgz\" data-wid=\"047cfe91-93dc-475d-9807-7c61409e04d4\"><\/script>\r\n\r\n  [\/vc_column_text][\/vc_column][\/vc_row][vc_row rt_row_background_width=&#8220;default&#8220; rt_row_style=&#8220;default-style&#8220; rt_row_borders=&#8220;&#8220; rt_overlap=&#8220;true&#8220; rt_row_paddings=&#8220;true&#8220; rt_bg_effect=&#8220;classic&#8220; rt_bg_image_repeat=&#8220;repeat&#8220; rt_bg_size=&#8220;cover&#8220; rt_bg_position=&#8220;right top&#8220; rt_bg_attachment=&#8220;scroll&#8220; rt_bg_video_format=&#8220;self-hosted&#8220;][vc_column rt_bg_image_repeat=&#8220;repeat&#8220; rt_bg_size=&#8220;auto auto&#8220; rt_bg_attachment=&#8220;scroll&#8220;][vc_column_text]Der Tourismus Residenz Villa Vacanze Paradiso in Neviano gelegen, in der N\u00e4he von Gallipoli und bietet Gastfreundschaft in Ferienh\u00e4usern ausgestattet oder Bed and Breakfast-Zimmer mit Bett und Fr\u00fchst\u00fcck.<\/p>\n<p>Residence Holiday Villa Paradiso verf\u00fcgt \u00fcber Zimmer mit einer voll ausgestatteten K\u00fcche und einem separaten Schlafzimmer mit Bad, ideal f\u00fcr Ihren Aufenthalt in v\u00f6lliger Autonomie, die Sch\u00f6nheit von Gallipoli und Salento zu entdecken.[\/vc_column_text][vc_empty_space height=&#8220;40px&#8220;]<div class=\"rt_heading_wrapper style-1\">\n\t\t\t\t\t\t\n\t\t\t\t\t\t<h3 class=\"rt_heading  style-1\" >Ferienh\u00e4user mit allen Annehmlichkeiten<\/h3>\n\t\t\t\t\t<\/div>[vc_row_inner rt_row_style=&#8220;global-style&#8220;][vc_column_inner width=&#8220;1\/2&#8243; rt_bg_image_repeat=&#8220;repeat&#8220; rt_bg_size=&#8220;auto auto&#8220; rt_bg_attachment=&#8220;scroll&#8220;][vc_column_text]Die H\u00e4user und die Zimmer der Residenz sind mit allen Annehmlichkeiten ausgestattet:<\/p>\n<ul class=\"descr-dettaglio fa-ul\">\n<li><i class=\"fa-li fa fa-check\"><\/i>Bad<\/li>\n<li><i class=\"fa-li fa fa-check\"><\/i>LCD-Fernseher mit digitalem terrestrischem<\/li>\n<li><i class=\"fa-li fa fa-check\"><\/i>Telefon f\u00fcr Anrufe empfangen<\/li>\n<li><i class=\"fa-li fa fa-check\"><\/i>Klimaanlage und Heizung<\/li>\n<li><i class=\"fa-li fa fa-check\"><\/i>Haartrockner<\/li>\n<\/ul>\n<p>&nbsp;<\/p>\n<p>Alle Ger\u00e4te sind mit Rauchmelder, Alarmsystem und elektronischer Schl\u00fcssel ausgestattet.<\/p>\n<p>Wohnsitz Touristische Villa Vacanze Paradiso bietet zudem WLAN-Internetzugang im gesamten Hotel v\u00f6llig kostenlos f\u00fcr unsere G\u00e4ste und einen gro\u00dfen Garten mit Olivenb\u00e4umen, beschr\u00e4nkt, eingez\u00e4unt und ausgestattet mit Spielen, ideal Residenz f\u00fcr Kinder.[\/vc_column_text][\/vc_column_inner][vc_column_inner width=&#8220;1\/2&#8243; rt_bg_image_repeat=&#8220;repeat&#8220; rt_bg_size=&#8220;auto auto&#8220; rt_bg_attachment=&#8220;scroll&#8220;][vc_single_image image=&#8220;4422&#8243; img_size=&#8220;full&#8220; alignment=&#8220;center&#8220;][\/vc_column_inner][\/vc_row_inner][vc_empty_space height=&#8220;40px&#8220;][vc_column_text]F\u00fcr unsere Kunden Grillm\u00f6glichkeiten f\u00fcr das Kochen im Freien.<\/p>\n<p>Residence Villa Vacanze Paradiso in der N\u00e4he von Gallipoli ist die ideale L\u00f6sung f\u00fcr einen erholsamen Urlaub und Spa\u00df in Salento zu verbringen.[\/vc_column_text][\/vc_column][\/vc_row]<\/p>\n<\/div>","protected":false},"excerpt":{"rendered":"<p>[vc_row rt_row_background_width=&#8220;fullwidth&#8220; rt_row_content_width=&#8220;fullwidth&#8220; rt_row_style=&#8220;default-style&#8220; rt_row_borders=&#8220;&#8220; rt_row_paddings=&#8220;false&#8220; rt_bg_effect=&#8220;parallax&#8220; rt_bg_parallax_effect=&#8220;1&#8243; rt_bg_image_repeat=&#8220;no-repeat&#8220; rt_bg_size=&#8220;100% auto&#8220; rt_bg_position=&#8220;right top&#8220; rt_bg_video_format=&#8220;self-hosted&#8220; rt_row_width=&#8220;default&#8220; rt_row_placement=&#8220;true&#8220;][vc_column rt_bg_image_repeat=&#8220;repeat&#8220; rt_bg_size=&#8220;100% auto&#8220; rt_bg_attachment=&#8220;fixed&#8220; rt_padding_top=&#8220;0px&#8220; rt_padding_bottom=&#8220;0px&#8220; rt_padding_left=&#8220;0px&#8220; rt_padding_right=&#8220;0px&#8220;][vc_single_image image=&#8220;6031&#8243; img_size=&#8220;full&#8220; alignment=&#8220;center&#8220; css=&#8220;.vc_custom_1482243743618{padding-top: 0px !important;padding-right: 0px !important;padding-bottom: 0px !important;padding-left: 0px !important;}&#8220;][\/vc_column][\/vc_row][vc_row rt_row_background_width=&#8220;fullwidth&#8220; rt_row_content_width=&#8220;default&#8220; rt_row_style=&#8220;default-style&#8220; rt_row_borders=&#8220;bottom&#8220; rt_row_paddings=&#8220;true&#8220; rt_bg_effect=&#8220;parallax&#8220; rt_bg_parallax_effect=&#8220;1&#8243; rt_bg_image_repeat=&#8220;repeat&#8220; rt_bg_size=&#8220;auto auto&#8220; rt_bg_position=&#8220;right top&#8220; rt_bg_video_format=&#8220;self-hosted&#8220; rt_row_width=&#8220;default&#8220; rt_row_placement=&#8220;true&#8220; class=&#8220;striscia-form&#8220; rt_bg_color=&#8220;#18693b&#8220; rt_padding_bottom=&#8220;50px&#8220;][vc_column rt_bg_image_repeat=&#8220;repeat&#8220; [&hellip;]<\/p>\n","protected":false},"author":3,"featured_media":0,"parent":0,"menu_order":0,"comment_status":"closed","ping_status":"closed","template":"","meta":{"footnotes":""},"class_list":["post-5623","page","type-page","status-publish","hentry"],"_links":{"self":[{"href":"https:\/\/www.villavacanzeparadiso.com\/de\/wp-json\/wp\/v2\/pages\/5623","targetHints":{"allow":["GET"]}}],"collection":[{"href":"https:\/\/www.villavacanzeparadiso.com\/de\/wp-json\/wp\/v2\/pages"}],"about":[{"href":"https:\/\/www.villavacanzeparadiso.com\/de\/wp-json\/wp\/v2\/types\/page"}],"author":[{"embeddable":true,"href":"https:\/\/www.villavacanzeparadiso.com\/de\/wp-json\/wp\/v2\/users\/3"}],"replies":[{"embeddable":true,"href":"https:\/\/www.villavacanzeparadiso.com\/de\/wp-json\/wp\/v2\/comments?post=5623"}],"version-history":[{"count":1,"href":"https:\/\/www.villavacanzeparadiso.com\/de\/wp-json\/wp\/v2\/pages\/5623\/revisions"}],"predecessor-version":[{"id":7903,"href":"https:\/\/www.villavacanzeparadiso.com\/de\/wp-json\/wp\/v2\/pages\/5623\/revisions\/7903"}],"wp:attachment":[{"href":"https:\/\/www.villavacanzeparadiso.com\/de\/wp-json\/wp\/v2\/media?parent=5623"}],"curies":[{"name":"wp","href":"https:\/\/api.w.org\/{rel}","templated":true}]}}