{"id":5345,"date":"2016-05-30T16:35:58","date_gmt":"2016-05-30T14:35:58","guid":{"rendered":"https:\/\/www.villavacanzeparadiso.com\/?page_id=5345"},"modified":"2016-05-30T16:40:53","modified_gmt":"2016-05-30T14:40:53","slug":"dove-siamo","status":"publish","type":"page","link":"https:\/\/www.villavacanzeparadiso.com\/en\/dove-siamo\/","title":{"rendered":"Where we are"},"content":{"rendered":"<div class=\"wpb-content-wrapper\"><p>[vc_row rt_row_background_width=&#8221;fullwidth&#8221; rt_row_content_width=&#8221;fullwidth&#8221; rt_row_style=&#8221;default-style&#8221; rt_row_borders=&#8221;&#8221; rt_row_paddings=&#8221;false&#8221; rt_bg_effect=&#8221;classic&#8221; rt_bg_image_repeat=&#8221;repeat&#8221; rt_bg_size=&#8221;cover&#8221; rt_bg_position=&#8221;right top&#8221; rt_bg_attachment=&#8221;scroll&#8221; rt_bg_video_format=&#8221;self-hosted&#8221; rt_row_no_padding=&#8221;false&#8221; class=&#8221;my-map&#8221;][vc_column rt_bg_image_repeat=&#8221;repeat&#8221; rt_bg_size=&#8221;auto auto&#8221; rt_bg_attachment=&#8221;scroll&#8221;][vc_raw_html el_class=&#8221;map-canvas&#8221;]JTNDaWZyYW1lJTIwc3JjJTNEJTIyaHR0cHMlM0ElMkYlMkZ3d3cuZ29vZ2xlLmNvbSUyRm1hcHMlMkZlbWJlZCUzRnBiJTNEJTIxMW0xNCUyMTFtOCUyMTFtMyUyMTFkMTczOC4wMDE5NTY0NTI3NjA5JTIxMmQxOC4wOTk0NjE4NzI2NDIxMTMlMjEzZDQwLjA4OTQ3MTEzMjc1MDg1JTIxM20yJTIxMWkxMDI0JTIxMmk3NjglMjE0ZjEzLjElMjEzbTMlMjExbTIlMjExczB4MCUyNTNBMHhhNmEwNDE3NjExZWI1OTg2JTIxMnNWaWxsYSUyQlZhY2FuemUlMkJQYXJhZGlzbyUyMTVlMCUyMTNtMiUyMTFzaXQlMjEyc3VzJTIxNHYxNDY0MDgzMjgzMTU0JTIyJTIwd2lkdGglM0QlMjIxMDAlMjUlMjIlMjBoZWlnaHQlM0QlMjI0NTAlMjIlMjBmcmFtZWJvcmRlciUzRCUyMjAlMjIlMjBzdHlsZSUzRCUyMmJvcmRlciUzQTAlMjIlMjBhbGxvd2Z1bGxzY3JlZW4lM0UlM0MlMkZpZnJhbWUlM0U=[\/vc_raw_html][\/vc_column][\/vc_row][vc_row rt_row_background_width=&#8221;default&#8221; rt_row_style=&#8221;default-style&#8221; rt_row_borders=&#8221;&#8221; rt_overlap=&#8221;true&#8221; rt_grid=&#8221;true&#8221; rt_row_paddings=&#8221;true&#8221; rt_bg_effect=&#8221;classic&#8221; rt_bg_image_repeat=&#8221;repeat&#8221; rt_bg_size=&#8221;cover&#8221; rt_bg_position=&#8221;right top&#8221; rt_bg_attachment=&#8221;scroll&#8221; rt_bg_video_format=&#8221;self-hosted&#8221;][vc_column width=&#8221;2\/3&#8243; rt_bg_image_repeat=&#8221;repeat&#8221; rt_bg_size=&#8221;auto auto&#8221; rt_bg_attachment=&#8221;scroll&#8221;]<div class=\"rt_heading_wrapper style-1\">\n\t\t\t\t\t\t\n\t\t\t\t\t\t<h5 class=\"rt_heading  style-1\" >Where we are<\/h5>\n\t\t\t\t\t<\/div>[vc_column_text]The Apulia region of Southern Italy is a glittering jewel. Strong, vibrant colours dominate the landscape. A soft, caressing light infuses the region with warmth and the blue, crystalclear sea blends into the horizon. There are countless landscapes and coastlines, towns and villages, fragrances and colours to be discovered here. This unique region is an inspired mixture of East and West that begs to be explored and adored.<\/p>\n<p>Situated in Apulia, in the province of Lecce, Villa Vacanze Paradiso is only a few kilometers away from the stunning beach of Gallipoli, known as the &#8220;Pearl of the Ionian Sea&#8221;. Villa Vacanze Paradiso is located between the towns of Tuglie and Neviano, on the &#8220;Montegrappa&#8221; Hill, which has a superb view overlooking the typical Apulia countryside full of olive trees and vineyards.[\/vc_column_text][vc_empty_space height=&#8221;20px&#8221;]<div class=\"rt_heading_wrapper style-1\">\n\t\t\t\t\t\t\n\t\t\t\t\t\t<h5 class=\"rt_heading  style-1\" >How to reach the Villa Vacanze Paradiso coming by plane<\/h5>\n\t\t\t\t\t<\/div>[vc_column_text]Arrivare in Puglia non \u00e8 mai stato cos\u00ec facile, grazie all&#8217;ampia scelta di voli a basso costo che ogni giorno collegano le pi\u00f9 importanti citt\u00e0 italiane ed europee all&#8217;aeroporto di Bari e Brindisi, distanti solamente 200 e 70 chilometri dalla nostra struttura. Una volta giunti in aeroporto, vi consigliamo di noleggiare una macchina.[\/vc_column_text][vc_empty_space height=&#8221;20px&#8221;]<div class=\"rt_heading_wrapper style-1\">\n\t\t\t\t\t\t\n\t\t\t\t\t\t<h5 class=\"rt_heading  style-1\" >How to reach the Villa Vacanze Paradiso by Car<\/h5>\n\t\t\t\t\t<\/div>[vc_column_text]From BARI drive along the main carriageway, the SS E 55 going to Brindisi and then follow signs to Lecce. From BRINDISI drive along the SS E 55 towards Lecce. Just before LECCE, take the &#8220;Tangenziale Ovest&#8221; and then the SS 101 towards Gallipoli. Continue for about 25\/30 km and than take the exit to Galatone.<\/p>\n<p>Drive towards Galatone, until a petrol station on your left hand side and up to the traffic lights. Turn left towards Secl\u00ec-Neviano and then follow the signs to Neviano.<\/p>\n<p>When you are in Neviano turn right towards Tuglie at the 2nd traffic lights . After 200 metres there is another a petrol station on your right hand side. Turn left towards Tuglie.<\/p>\n<p>Go straight on until the road sign tells you to turn right towards Tuglie. Go straight for two km towards Tuglie and you will find the &#8220;Villa Vacanze Paradiso&#8221; on your left hand side.[\/vc_column_text][\/vc_column][vc_column width=&#8221;1\/3&#8243; rt_bg_image_repeat=&#8221;repeat&#8221; rt_bg_size=&#8221;auto auto&#8221; rt_bg_attachment=&#8221;scroll&#8221;]<div class=\"rt_heading_wrapper style-1\">\n\t\t\t\t\t\t\n\t\t\t\t\t\t<h5 class=\"rt_heading  style-1\" >Contacts<\/h5>\n\t\t\t\t\t<\/div>\t \n\t\t<div  class=\"with_icons style-3 \">\n\t\t\t \n\t\t<div  >\n\t\t<span class=\"icon-address icon\"><\/span><div class=\"list-content\">Strada Provinciale Tuglie-Neviano, nr. 140 &#8211; 73040 &#8211; Neviano (Lecce)<\/div>\n\t\t<\/div>\n\t\t \n\t\t<div  >\n\t\t<span class=\"icon-phone icon\"><\/span><div class=\"list-content\"><a class=\"phone-number\" href=\"tel:+39 0836610455\">+39 0836 610455<\/a><\/div>\n\t\t<\/div>\n\t\t \n\t\t<div  >\n\t\t<span class=\"icon-phone icon\"><\/span><div class=\"list-content\"><a class=\"phone-number\" href=\"tel:+39 08361975156\">+39 0836 1975156<\/a><\/div>\n\t\t<\/div>\n\t\t \n\t\t<div  >\n\t\t<span class=\"icon-mobile icon\"><\/span><div class=\"list-content\"><a class=\"phone-number\" href=\"tel:+39 3401734698\">+39 340 1734698<\/a><\/div>\n\t\t<\/div>\n\t\t \n\t\t<div  >\n\t\t<span class=\"icon-print icon\"><\/span><div class=\"list-content\">+39 0832 1900159<\/div>\n\t\t<\/div>\n\t\t \n\t\t<div  >\n\t\t<span class=\"icon-mail-1 icon\"><\/span><div class=\"list-content\"><a href=\"mailto:info@villavacanzeparadiso.com\">info@villavacanzeparadiso.com<\/a><\/div>\n\t\t<\/div>\n\t\n\t\t<\/div>\n\t[vc_empty_space]<div class=\"rt_heading_wrapper style-1\">\n\t\t\t\t\t\t\n\t\t\t\t\t\t<h5 class=\"rt_heading  style-1\" >GPS coordinates<\/h5>\n\t\t\t\t\t<\/div>[vc_column_text]DD 40.089699 NORD, 18.100147 EST<\/p>\n<p>DMS 40\u00b0 5\u2019 22.916\u201d NORD, 18\u00b0 6\u2019 0.529\u201d EST[\/vc_column_text][\/vc_column][\/vc_row]<\/p>\n<\/div>","protected":false},"excerpt":{"rendered":"<p>[vc_row rt_row_background_width=&#8221;fullwidth&#8221; rt_row_content_width=&#8221;fullwidth&#8221; rt_row_style=&#8221;default-style&#8221; rt_row_borders=&#8221;&#8221; rt_row_paddings=&#8221;false&#8221; rt_bg_effect=&#8221;classic&#8221; rt_bg_image_repeat=&#8221;repeat&#8221; rt_bg_size=&#8221;cover&#8221; rt_bg_position=&#8221;right top&#8221; rt_bg_attachment=&#8221;scroll&#8221; rt_bg_video_format=&#8221;self-hosted&#8221; rt_row_no_padding=&#8221;false&#8221; class=&#8221;my-map&#8221;][vc_column rt_bg_image_repeat=&#8221;repeat&#8221; rt_bg_size=&#8221;auto auto&#8221; rt_bg_attachment=&#8221;scroll&#8221;][vc_raw_html el_class=&#8221;map-canvas&#8221;]JTNDaWZyYW1lJTIwc3JjJTNEJTIyaHR0cHMlM0ElMkYlMkZ3d3cuZ29vZ2xlLmNvbSUyRm1hcHMlMkZlbWJlZCUzRnBiJTNEJTIxMW0xNCUyMTFtOCUyMTFtMyUyMTFkMTczOC4wMDE5NTY0NTI3NjA5JTIxMmQxOC4wOTk0NjE4NzI2NDIxMTMlMjEzZDQwLjA4OTQ3MTEzMjc1MDg1JTIxM20yJTIxMWkxMDI0JTIxMmk3NjglMjE0ZjEzLjElMjEzbTMlMjExbTIlMjExczB4MCUyNTNBMHhhNmEwNDE3NjExZWI1OTg2JTIxMnNWaWxsYSUyQlZhY2FuemUlMkJQYXJhZGlzbyUyMTVlMCUyMTNtMiUyMTFzaXQlMjEyc3VzJTIxNHYxNDY0MDgzMjgzMTU0JTIyJTIwd2lkdGglM0QlMjIxMDAlMjUlMjIlMjBoZWlnaHQlM0QlMjI0NTAlMjIlMjBmcmFtZWJvcmRlciUzRCUyMjAlMjIlMjBzdHlsZSUzRCUyMmJvcmRlciUzQTAlMjIlMjBhbGxvd2Z1bGxzY3JlZW4lM0UlM0MlMkZpZnJhbWUlM0U=[\/vc_raw_html][\/vc_column][\/vc_row][vc_row rt_row_background_width=&#8221;default&#8221; rt_row_style=&#8221;default-style&#8221; rt_row_borders=&#8221;&#8221; rt_overlap=&#8221;true&#8221; rt_grid=&#8221;true&#8221; rt_row_paddings=&#8221;true&#8221; rt_bg_effect=&#8221;classic&#8221; rt_bg_image_repeat=&#8221;repeat&#8221; rt_bg_size=&#8221;cover&#8221; rt_bg_position=&#8221;right top&#8221; rt_bg_attachment=&#8221;scroll&#8221; rt_bg_video_format=&#8221;self-hosted&#8221;][vc_column width=&#8221;2\/3&#8243; rt_bg_image_repeat=&#8221;repeat&#8221; rt_bg_size=&#8221;auto auto&#8221; rt_bg_attachment=&#8221;scroll&#8221;][vc_column_text]The Apulia region of Southern Italy is a glittering jewel. Strong, vibrant colours dominate the landscape. A soft, [&hellip;]<\/p>\n","protected":false},"author":3,"featured_media":0,"parent":0,"menu_order":0,"comment_status":"closed","ping_status":"closed","template":"","meta":{"footnotes":""},"class_list":["post-5345","page","type-page","status-publish","hentry"],"_links":{"self":[{"href":"https:\/\/www.villavacanzeparadiso.com\/en\/wp-json\/wp\/v2\/pages\/5345","targetHints":{"allow":["GET"]}}],"collection":[{"href":"https:\/\/www.villavacanzeparadiso.com\/en\/wp-json\/wp\/v2\/pages"}],"about":[{"href":"https:\/\/www.villavacanzeparadiso.com\/en\/wp-json\/wp\/v2\/types\/page"}],"author":[{"embeddable":true,"href":"https:\/\/www.villavacanzeparadiso.com\/en\/wp-json\/wp\/v2\/users\/3"}],"replies":[{"embeddable":true,"href":"https:\/\/www.villavacanzeparadiso.com\/en\/wp-json\/wp\/v2\/comments?post=5345"}],"version-history":[{"count":0,"href":"https:\/\/www.villavacanzeparadiso.com\/en\/wp-json\/wp\/v2\/pages\/5345\/revisions"}],"wp:attachment":[{"href":"https:\/\/www.villavacanzeparadiso.com\/en\/wp-json\/wp\/v2\/media?parent=5345"}],"curies":[{"name":"wp","href":"https:\/\/api.w.org\/{rel}","templated":true}]}}