{"id":5381,"date":"2016-05-31T10:50:18","date_gmt":"2016-05-31T08:50:18","guid":{"rendered":"https:\/\/www.villavacanzeparadiso.com\/?page_id=5381"},"modified":"2017-01-23T10:08:52","modified_gmt":"2017-01-23T09:08:52","slug":"gallery-del-residence","status":"publish","type":"page","link":"https:\/\/www.villavacanzeparadiso.com\/fr\/gallery-del-residence\/","title":{"rendered":"Photogalerie"},"content":{"rendered":"<div class=\"wpb-content-wrapper\"><p>[vc_row rt_row_background_width=\u00a0\u00bbfullwidth\u00a0\u00bb rt_row_content_width=\u00a0\u00bbfullwidth\u00a0\u00bb rt_row_style=\u00a0\u00bbdefault-style\u00a0\u00bb rt_row_borders=\u00a0\u00bb\u00a0\u00bb rt_row_paddings=\u00a0\u00bbfalse\u00a0\u00bb rt_bg_effect=\u00a0\u00bbparallax\u00a0\u00bb rt_bg_parallax_effect=\u00a0\u00bb1&Prime; rt_bg_image_repeat=\u00a0\u00bbno-repeat\u00a0\u00bb rt_bg_size=\u00a0\u00bb100% auto\u00a0\u00bb rt_bg_position=\u00a0\u00bbright top\u00a0\u00bb rt_bg_video_format=\u00a0\u00bbself-hosted\u00a0\u00bb rt_row_width=\u00a0\u00bbdefault\u00a0\u00bb rt_row_placement=\u00a0\u00bbtrue\u00a0\u00bb][vc_column rt_bg_image_repeat=\u00a0\u00bbrepeat\u00a0\u00bb rt_bg_size=\u00a0\u00bb100% auto\u00a0\u00bb rt_bg_attachment=\u00a0\u00bbfixed\u00a0\u00bb rt_padding_top=\u00a0\u00bb0px\u00a0\u00bb rt_padding_bottom=\u00a0\u00bb0px\u00a0\u00bb rt_padding_left=\u00a0\u00bb0px\u00a0\u00bb rt_padding_right=\u00a0\u00bb0px\u00a0\u00bb][vc_single_image image=\u00a0\u00bb5991&Prime; img_size=\u00a0\u00bbfull\u00a0\u00bb alignment=\u00a0\u00bbcenter\u00a0\u00bb css=\u00a0\u00bb.vc_custom_1482242524046{padding-top: 0px !important;padding-right: 0px !important;padding-bottom: 0px !important;padding-left: 0px !important;}\u00a0\u00bb][\/vc_column][\/vc_row][vc_row rt_row_background_width=\u00a0\u00bbfullwidth\u00a0\u00bb rt_row_content_width=\u00a0\u00bbdefault\u00a0\u00bb rt_row_style=\u00a0\u00bbdefault-style\u00a0\u00bb rt_row_borders=\u00a0\u00bbbottom\u00a0\u00bb rt_row_paddings=\u00a0\u00bbtrue\u00a0\u00bb rt_bg_effect=\u00a0\u00bbparallax\u00a0\u00bb rt_bg_parallax_effect=\u00a0\u00bb1&Prime; rt_bg_image_repeat=\u00a0\u00bbrepeat\u00a0\u00bb rt_bg_size=\u00a0\u00bbauto auto\u00a0\u00bb rt_bg_position=\u00a0\u00bbright top\u00a0\u00bb rt_bg_video_format=\u00a0\u00bbself-hosted\u00a0\u00bb rt_row_width=\u00a0\u00bbdefault\u00a0\u00bb rt_row_placement=\u00a0\u00bbtrue\u00a0\u00bb class=\u00a0\u00bbstriscia-form\u00a0\u00bb rt_bg_color=\u00a0\u00bb#18693b\u00a0\u00bb rt_padding_bottom=\u00a0\u00bb50px\u00a0\u00bb][vc_column rt_bg_image_repeat=\u00a0\u00bbrepeat\u00a0\u00bb rt_bg_size=\u00a0\u00bbauto auto\u00a0\u00bb rt_bg_attachment=\u00a0\u00bbscroll\u00a0\u00bb][vc_column_text]\r\n\r\n    <div class=\"icon-top-bar\">\r\n\r\n        <div class=\"one-icon-div left\">\r\n\r\n        <i class=\"fa fa-star\" aria-hidden=\"true\"><\/i><h3>Meilleur Prix Garanti<\/h3>\r\n\r\n        <\/div>\r\n\r\n        <div class=\"one-icon-div center\">\r\n\r\n        <i class=\"fa fa-tags\" aria-hidden=\"true\"><\/i><h3>Offres exclusives<\/h3>\r\n\r\n        <\/div>\r\n\r\n        <div class=\"one-icon-div right\">\r\n\r\n        <i class=\"fa fa-user\" aria-hidden=\"true\"><\/i><h3>Services personnalis\u00e9s<\/h3>\r\n\r\n        <\/div>\r\n\r\n    <\/div>\r\n\r\n\r\n<script class=\"kas_online_reception\" src=\"https:\/\/wubook.net\/js\/nebk\/bwidget.jgz\" data-wid=\"047cfe91-93dc-475d-9807-7c61409e04d4\"><\/script>\r\n\r\n  [\/vc_column_text][\/vc_column][\/vc_row][vc_row rt_row_background_width=\u00a0\u00bbdefault\u00a0\u00bb rt_row_style=\u00a0\u00bbdefault-style\u00a0\u00bb rt_row_borders=\u00a0\u00bb\u00a0\u00bb rt_overlap=\u00a0\u00bbtrue\u00a0\u00bb rt_row_paddings=\u00a0\u00bbtrue\u00a0\u00bb rt_bg_effect=\u00a0\u00bbclassic\u00a0\u00bb rt_bg_image_repeat=\u00a0\u00bbrepeat\u00a0\u00bb rt_bg_size=\u00a0\u00bbcover\u00a0\u00bb rt_bg_position=\u00a0\u00bbright top\u00a0\u00bb rt_bg_attachment=\u00a0\u00bbscroll\u00a0\u00bb rt_bg_video_format=\u00a0\u00bbself-hosted\u00a0\u00bb][vc_column rt_bg_image_repeat=\u00a0\u00bbrepeat\u00a0\u00bb rt_bg_size=\u00a0\u00bbauto auto\u00a0\u00bb rt_bg_attachment=\u00a0\u00bbscroll\u00a0\u00bb][vc_column_text]Le parfum d&rsquo;un arbre fruitier, la couleur d&rsquo;une fleur juste fleuri, le sens de la tranquillit\u00e9 de la campagne verdoyante du Salento.<\/p>\n<p>Dans cette oasis de paix vous vous trouvez cette belle r\u00e9sidence de vacances Villa Paradiso Chambres d&rsquo;h\u00f4tes, \u00e0 Neviano, pr\u00e8s de Gallipoli.<\/p>\n<p>R\u00e9sidence id\u00e9ale pour passer des vacances en contact \u00e9troit avec la campagne.<\/p>\n<p>Le magnifique paysage entourant la structure est celle de la colline de Montegrappa, caract\u00e9ris\u00e9e par un paysage d&rsquo;arbres et de vignes, typiques du Sud rural.<\/p>\n<p>S\u00e9journez dans notre belle demeure dans le Salento moyens choisissant d&rsquo;\u00e9veiller parmi les nombreuses odeurs et les go\u00fbts de notre campagne, en collaboration avec l&rsquo;odeur et l&rsquo;\u00e9motion d&rsquo;une brise de mer l\u00e9g\u00e8re.<\/p>\n<p>Pour nos clients, il y a des chambres confortables chambres d&rsquo;h\u00f4tes et maisons de vacances avec toutes les commodit\u00e9s.[\/vc_column_text][vc_empty_space height=\u00a0\u00bb40px\u00a0\u00bb]<div class=\"rt_heading_wrapper style-1\">\n\t\t\t\t\t\t\n\t\t\t\t\t\t<h3 class=\"rt_heading  style-1\" >Regardez la galerie photo:<\/h3>\n\t\t\t\t\t<\/div>[vc_column_text]<\/p>\n<div id=\"foogallery-gallery-6561\" class=\"foogallery-container foogallery-default foogallery-link-image foogallery-lightbox-foobox-free spacing-width-10 hover-effect-zoom   alignment-left hover-caption-simple foogallery-default-loading\">\n\t<a  href=\"https:\/\/www.villavacanzeparadiso.com\/wp-content\/uploads\/2016\/05\/gallery-piscina-8.jpg\" data-attachment-id=\"4421\"><img loading=\"lazy\" decoding=\"async\"  src=\"https:\/\/www.villavacanzeparadiso.com\/wp-content\/uploads\/cache\/2016\/05\/gallery-piscina-8\/317931909.jpg\" alt=\"Piscine\" width=\"480\" height=\"480\" \/><\/a><a  href=\"https:\/\/www.villavacanzeparadiso.com\/wp-content\/uploads\/2016\/05\/gallery-piscina-7.jpg\" data-attachment-id=\"4416\"><img loading=\"lazy\" decoding=\"async\"  src=\"https:\/\/www.villavacanzeparadiso.com\/wp-content\/uploads\/cache\/2016\/05\/gallery-piscina-7\/3419624233.jpg\" alt=\"Piscine\" width=\"480\" height=\"480\" \/><\/a><a  href=\"https:\/\/www.villavacanzeparadiso.com\/wp-content\/uploads\/2016\/05\/gallery-piscina-2.jpg\" data-attachment-id=\"4391\"><img loading=\"lazy\" decoding=\"async\"  src=\"https:\/\/www.villavacanzeparadiso.com\/wp-content\/uploads\/cache\/2016\/05\/gallery-piscina-2\/2201181517.jpg\" alt=\"Piscine\" width=\"480\" height=\"480\" \/><\/a><a  href=\"https:\/\/www.villavacanzeparadiso.com\/wp-content\/uploads\/2016\/05\/gallery-piscina-4.jpg\" data-attachment-id=\"4401\"><img loading=\"lazy\" decoding=\"async\"  src=\"https:\/\/www.villavacanzeparadiso.com\/wp-content\/uploads\/cache\/2016\/05\/gallery-piscina-4\/1163678922.jpg\" alt=\"Piscine\" width=\"480\" height=\"480\" \/><\/a><a  href=\"https:\/\/www.villavacanzeparadiso.com\/wp-content\/uploads\/2016\/05\/gallery-1.jpg\" data-attachment-id=\"4787\"><img loading=\"lazy\" decoding=\"async\"  src=\"https:\/\/www.villavacanzeparadiso.com\/wp-content\/uploads\/cache\/2016\/05\/gallery-1\/31150942.jpg\" alt=\"Jardin\" width=\"480\" height=\"480\" \/><\/a><a  href=\"https:\/\/www.villavacanzeparadiso.com\/wp-content\/uploads\/2016\/05\/gallery-2.jpg\" data-attachment-id=\"4792\"><img loading=\"lazy\" decoding=\"async\"  src=\"https:\/\/www.villavacanzeparadiso.com\/wp-content\/uploads\/cache\/2016\/05\/gallery-2\/2404668605.jpg\" alt=\"Jardin\" width=\"480\" height=\"480\" \/><\/a><a  href=\"https:\/\/www.villavacanzeparadiso.com\/wp-content\/uploads\/2016\/05\/gallery-3.jpg\" data-attachment-id=\"4797\"><img loading=\"lazy\" decoding=\"async\"  src=\"https:\/\/www.villavacanzeparadiso.com\/wp-content\/uploads\/cache\/2016\/05\/gallery-3\/1140741155.jpg\" alt=\"Jardin\" width=\"480\" height=\"480\" \/><\/a><a  href=\"https:\/\/www.villavacanzeparadiso.com\/wp-content\/uploads\/2016\/05\/gallery-area-giochi-2.jpg\" data-attachment-id=\"4336\"><img loading=\"lazy\" decoding=\"async\"  src=\"https:\/\/www.villavacanzeparadiso.com\/wp-content\/uploads\/cache\/2016\/05\/gallery-area-giochi-2\/609790919.jpg\" alt=\"Jeux et Loisirs\" width=\"480\" height=\"480\" \/><\/a><a  href=\"https:\/\/www.villavacanzeparadiso.com\/wp-content\/uploads\/2016\/05\/gallery-area-giochi-6.jpg\" data-attachment-id=\"4356\"><img loading=\"lazy\" decoding=\"async\"  src=\"https:\/\/www.villavacanzeparadiso.com\/wp-content\/uploads\/cache\/2016\/05\/gallery-area-giochi-6\/2685576509.jpg\" alt=\"Jeux et Loisirs\" width=\"480\" height=\"480\" \/><\/a><a  href=\"https:\/\/www.villavacanzeparadiso.com\/wp-content\/uploads\/2016\/05\/gallery-area-giochi-7.jpg\" data-attachment-id=\"4361\"><img loading=\"lazy\" decoding=\"async\"  src=\"https:\/\/www.villavacanzeparadiso.com\/wp-content\/uploads\/cache\/2016\/05\/gallery-area-giochi-7\/1824040355.jpg\" alt=\"Jeux et Loisirs\" width=\"480\" height=\"480\" \/><\/a><a  href=\"https:\/\/www.villavacanzeparadiso.com\/wp-content\/uploads\/2016\/05\/gallery-verbena-5.jpg\" data-attachment-id=\"4680\"><img loading=\"lazy\" decoding=\"async\"  src=\"https:\/\/www.villavacanzeparadiso.com\/wp-content\/uploads\/cache\/2016\/05\/gallery-verbena-5\/3657556262.jpg\" width=\"480\" height=\"480\" \/><\/a><a  href=\"https:\/\/www.villavacanzeparadiso.com\/wp-content\/uploads\/2016\/12\/bouganville-gallery-1.jpg\" data-attachment-id=\"6505\"><img loading=\"lazy\" decoding=\"async\"  src=\"https:\/\/www.villavacanzeparadiso.com\/wp-content\/uploads\/cache\/2016\/12\/bouganville-gallery-1\/2275161510.jpg\" alt=\"Habitation Bouganville\" width=\"480\" height=\"480\" \/><\/a><a  href=\"https:\/\/www.villavacanzeparadiso.com\/wp-content\/uploads\/2016\/12\/lantana-gallery-1.jpg\" data-attachment-id=\"6398\"><img loading=\"lazy\" decoding=\"async\"  src=\"https:\/\/www.villavacanzeparadiso.com\/wp-content\/uploads\/cache\/2016\/12\/lantana-gallery-1\/2746008119.jpg\" alt=\"Habitation Lantana\" width=\"480\" height=\"480\" \/><\/a><a  href=\"https:\/\/www.villavacanzeparadiso.com\/wp-content\/uploads\/2016\/12\/margherita-gallery-3.jpg\" data-attachment-id=\"6296\"><img loading=\"lazy\" decoding=\"async\"  src=\"https:\/\/www.villavacanzeparadiso.com\/wp-content\/uploads\/cache\/2016\/12\/margherita-gallery-3\/4065388221.jpg\" alt=\"Habitation Margherita\" width=\"480\" height=\"480\" \/><\/a><a  href=\"https:\/\/www.villavacanzeparadiso.com\/wp-content\/uploads\/2016\/12\/narciso-gallery-9.jpg\" data-attachment-id=\"6484\"><img loading=\"lazy\" decoding=\"async\"  src=\"https:\/\/www.villavacanzeparadiso.com\/wp-content\/uploads\/cache\/2016\/12\/narciso-gallery-9\/1744507254.jpg\" alt=\"Habitation Narciso\" width=\"480\" height=\"480\" \/><\/a><a  href=\"https:\/\/www.villavacanzeparadiso.com\/wp-content\/uploads\/2016\/12\/rosa-gallery-6.jpg\" data-attachment-id=\"6367\"><img loading=\"lazy\" decoding=\"async\"  src=\"https:\/\/www.villavacanzeparadiso.com\/wp-content\/uploads\/cache\/2016\/12\/rosa-gallery-6\/250582101.jpg\" alt=\"Habitation Rosa\" width=\"480\" height=\"480\" \/><\/a><a  href=\"https:\/\/www.villavacanzeparadiso.com\/wp-content\/uploads\/2016\/12\/verbena-gallery-5.jpg\" data-attachment-id=\"6168\"><img loading=\"lazy\" decoding=\"async\"  src=\"https:\/\/www.villavacanzeparadiso.com\/wp-content\/uploads\/cache\/2016\/12\/verbena-gallery-5\/3972456928.jpg\" alt=\"Chambre Verbena\" width=\"480\" height=\"480\" \/><\/a><a  href=\"https:\/\/www.villavacanzeparadiso.com\/wp-content\/uploads\/2016\/12\/ibisco-gallery-6.jpg\" data-attachment-id=\"6132\"><img loading=\"lazy\" decoding=\"async\"  src=\"https:\/\/www.villavacanzeparadiso.com\/wp-content\/uploads\/cache\/2016\/12\/ibisco-gallery-6\/2996972163.jpg\" alt=\"Chambre Ibisco\" width=\"480\" height=\"480\" \/><\/a><a  href=\"https:\/\/www.villavacanzeparadiso.com\/wp-content\/uploads\/2016\/12\/dalia-gallery-4.jpg\" data-attachment-id=\"6068\"><img loading=\"lazy\" decoding=\"async\"  src=\"https:\/\/www.villavacanzeparadiso.com\/wp-content\/uploads\/cache\/2016\/12\/dalia-gallery-4\/2637642726.jpg\" alt=\"Chambre Dalia\" width=\"480\" height=\"480\" \/><\/a><a  href=\"https:\/\/www.villavacanzeparadiso.com\/wp-content\/uploads\/2016\/12\/ciclamino-gallery-2.jpg\" data-attachment-id=\"6194\"><img loading=\"lazy\" decoding=\"async\"  src=\"https:\/\/www.villavacanzeparadiso.com\/wp-content\/uploads\/cache\/2016\/12\/ciclamino-gallery-2\/1120348644.jpg\" alt=\"Chambre Ciclamino\" width=\"480\" height=\"480\" \/><\/a><a  href=\"https:\/\/www.villavacanzeparadiso.com\/wp-content\/uploads\/2017\/01\/img-gallery-1.jpg\" data-attachment-id=\"7269\"><img loading=\"lazy\" decoding=\"async\"  src=\"https:\/\/www.villavacanzeparadiso.com\/wp-content\/uploads\/cache\/2017\/01\/img-gallery-1\/1056154024.jpg\" width=\"480\" height=\"480\" \/><\/a><a  href=\"https:\/\/www.villavacanzeparadiso.com\/wp-content\/uploads\/2016\/12\/barbecue-gallery.jpg\" data-attachment-id=\"6842\"><img loading=\"lazy\" decoding=\"async\"  src=\"https:\/\/www.villavacanzeparadiso.com\/wp-content\/uploads\/cache\/2016\/12\/barbecue-gallery\/1096446841.jpg\" alt=\"Barbecue\" width=\"480\" height=\"480\" \/><\/a><a  href=\"https:\/\/www.villavacanzeparadiso.com\/wp-content\/uploads\/2016\/05\/gallery-4.jpg\" data-attachment-id=\"4802\"><img loading=\"lazy\" decoding=\"async\"  src=\"https:\/\/www.villavacanzeparadiso.com\/wp-content\/uploads\/cache\/2016\/05\/gallery-4\/1228627258.jpg\" alt=\"Parking\" width=\"480\" height=\"480\" \/><\/a><a  href=\"https:\/\/www.villavacanzeparadiso.com\/wp-content\/uploads\/2016\/05\/gallery-5.jpg\" data-attachment-id=\"4807\"><img loading=\"lazy\" decoding=\"async\"  src=\"https:\/\/www.villavacanzeparadiso.com\/wp-content\/uploads\/cache\/2016\/05\/gallery-5\/2240896420.jpg\" alt=\"Jardin\" width=\"480\" height=\"480\" \/><\/a><a  href=\"https:\/\/www.villavacanzeparadiso.com\/wp-content\/uploads\/2016\/05\/gallery-6.jpg\" data-attachment-id=\"4812\"><img loading=\"lazy\" decoding=\"async\"  src=\"https:\/\/www.villavacanzeparadiso.com\/wp-content\/uploads\/cache\/2016\/05\/gallery-6\/186538567.jpg\" alt=\"Jardin\" width=\"480\" height=\"480\" \/><\/a><a  href=\"https:\/\/www.villavacanzeparadiso.com\/wp-content\/uploads\/2016\/05\/gallery-7.jpg\" data-attachment-id=\"4817\"><img loading=\"lazy\" decoding=\"async\"  src=\"https:\/\/www.villavacanzeparadiso.com\/wp-content\/uploads\/cache\/2016\/05\/gallery-7\/3350485721.jpg\" alt=\"Jardin\" width=\"480\" height=\"480\" \/><\/a><a  href=\"https:\/\/www.villavacanzeparadiso.com\/wp-content\/uploads\/2016\/05\/gallery-9.jpg\" data-attachment-id=\"4827\"><img loading=\"lazy\" decoding=\"async\"  src=\"https:\/\/www.villavacanzeparadiso.com\/wp-content\/uploads\/cache\/2016\/05\/gallery-9\/3527297259.jpg\" alt=\"Jardin\" width=\"480\" height=\"480\" \/><\/a><a  href=\"https:\/\/www.villavacanzeparadiso.com\/wp-content\/uploads\/2016\/05\/gallery-10.jpg\" data-attachment-id=\"4832\"><img loading=\"lazy\" decoding=\"async\"  src=\"https:\/\/www.villavacanzeparadiso.com\/wp-content\/uploads\/cache\/2016\/05\/gallery-10\/1875127717.jpg\" alt=\"Jardin\" width=\"480\" height=\"480\" \/><\/a><a  href=\"https:\/\/www.villavacanzeparadiso.com\/wp-content\/uploads\/2016\/05\/gallery-12.jpg\" data-attachment-id=\"4842\"><img loading=\"lazy\" decoding=\"async\"  src=\"https:\/\/www.villavacanzeparadiso.com\/wp-content\/uploads\/cache\/2016\/05\/gallery-12\/769731288.jpg\" alt=\"Jardin\" width=\"480\" height=\"480\" \/><\/a><a  href=\"https:\/\/www.villavacanzeparadiso.com\/wp-content\/uploads\/2016\/05\/gallery-13.jpg\" data-attachment-id=\"4847\"><img loading=\"lazy\" decoding=\"async\"  src=\"https:\/\/www.villavacanzeparadiso.com\/wp-content\/uploads\/cache\/2016\/05\/gallery-13\/3779799622.jpg\" alt=\"Jardin\" width=\"480\" height=\"480\" \/><\/a><a  href=\"https:\/\/www.villavacanzeparadiso.com\/wp-content\/uploads\/2016\/05\/gallery-14.jpg\" data-attachment-id=\"4852\"><img loading=\"lazy\" decoding=\"async\"  src=\"https:\/\/www.villavacanzeparadiso.com\/wp-content\/uploads\/cache\/2016\/05\/gallery-14\/3951960927.jpg\" alt=\"Jardin\" width=\"480\" height=\"480\" \/><\/a><a  href=\"https:\/\/www.villavacanzeparadiso.com\/wp-content\/uploads\/2016\/05\/gallery-15.jpg\" data-attachment-id=\"4857\"><img loading=\"lazy\" decoding=\"async\"  src=\"https:\/\/www.villavacanzeparadiso.com\/wp-content\/uploads\/cache\/2016\/05\/gallery-15\/656679873.jpg\" alt=\"Jardin\" width=\"480\" height=\"480\" \/><\/a><a  href=\"https:\/\/www.villavacanzeparadiso.com\/wp-content\/uploads\/2016\/05\/gallery-16.jpg\" data-attachment-id=\"4862\"><img loading=\"lazy\" decoding=\"async\"  src=\"https:\/\/www.villavacanzeparadiso.com\/wp-content\/uploads\/cache\/2016\/05\/gallery-16\/2846565410.jpg\" alt=\"Jardin\" width=\"480\" height=\"480\" \/><\/a><a  href=\"https:\/\/www.villavacanzeparadiso.com\/wp-content\/uploads\/2016\/05\/gallery-17.jpg\" data-attachment-id=\"5180\"><img loading=\"lazy\" decoding=\"async\"  src=\"https:\/\/www.villavacanzeparadiso.com\/wp-content\/uploads\/cache\/2016\/05\/gallery-17\/1694573756.jpg\" alt=\"Jardin\" width=\"480\" height=\"480\" \/><\/a><a  href=\"https:\/\/www.villavacanzeparadiso.com\/wp-content\/uploads\/2016\/05\/gallery-18.jpg\" data-attachment-id=\"5185\"><img loading=\"lazy\" decoding=\"async\"  src=\"https:\/\/www.villavacanzeparadiso.com\/wp-content\/uploads\/cache\/2016\/05\/gallery-18\/3156293136.jpg\" alt=\"Jardin\" width=\"480\" height=\"480\" \/><\/a><a  href=\"https:\/\/www.villavacanzeparadiso.com\/wp-content\/uploads\/2016\/12\/gallery-1.jpg\" data-attachment-id=\"6564\"><img loading=\"lazy\" decoding=\"async\"  src=\"https:\/\/www.villavacanzeparadiso.com\/wp-content\/uploads\/cache\/2016\/12\/gallery-1\/924309858.jpg\" alt=\"Jardin\" width=\"480\" height=\"480\" \/><\/a><a  href=\"https:\/\/www.villavacanzeparadiso.com\/wp-content\/uploads\/2016\/12\/gallery-2.jpg\" data-attachment-id=\"6569\"><img loading=\"lazy\" decoding=\"async\"  src=\"https:\/\/www.villavacanzeparadiso.com\/wp-content\/uploads\/cache\/2016\/12\/gallery-2\/3113803393.jpg\" alt=\"Jardin\" width=\"480\" height=\"480\" \/><\/a><a  href=\"https:\/\/www.villavacanzeparadiso.com\/wp-content\/uploads\/2016\/12\/gallery-3.jpg\" data-attachment-id=\"6574\"><img loading=\"lazy\" decoding=\"async\"  src=\"https:\/\/www.villavacanzeparadiso.com\/wp-content\/uploads\/cache\/2016\/12\/gallery-3\/1966267935.jpg\" alt=\"Blanchisserie\" width=\"480\" height=\"480\" \/><\/a><\/div>\n\n<p>[\/vc_column_text][\/vc_column][\/vc_row]<\/p>\n<\/div>","protected":false},"excerpt":{"rendered":"<p>[vc_row rt_row_background_width=\u00a0\u00bbfullwidth\u00a0\u00bb rt_row_content_width=\u00a0\u00bbfullwidth\u00a0\u00bb rt_row_style=\u00a0\u00bbdefault-style\u00a0\u00bb rt_row_borders=\u00a0\u00bb\u00a0\u00bb rt_row_paddings=\u00a0\u00bbfalse\u00a0\u00bb rt_bg_effect=\u00a0\u00bbparallax\u00a0\u00bb rt_bg_parallax_effect=\u00a0\u00bb1&Prime; rt_bg_image_repeat=\u00a0\u00bbno-repeat\u00a0\u00bb rt_bg_size=\u00a0\u00bb100% auto\u00a0\u00bb rt_bg_position=\u00a0\u00bbright top\u00a0\u00bb rt_bg_video_format=\u00a0\u00bbself-hosted\u00a0\u00bb rt_row_width=\u00a0\u00bbdefault\u00a0\u00bb rt_row_placement=\u00a0\u00bbtrue\u00a0\u00bb][vc_column rt_bg_image_repeat=\u00a0\u00bbrepeat\u00a0\u00bb rt_bg_size=\u00a0\u00bb100% auto\u00a0\u00bb rt_bg_attachment=\u00a0\u00bbfixed\u00a0\u00bb rt_padding_top=\u00a0\u00bb0px\u00a0\u00bb rt_padding_bottom=\u00a0\u00bb0px\u00a0\u00bb rt_padding_left=\u00a0\u00bb0px\u00a0\u00bb rt_padding_right=\u00a0\u00bb0px\u00a0\u00bb][vc_single_image image=\u00a0\u00bb5991&Prime; img_size=\u00a0\u00bbfull\u00a0\u00bb alignment=\u00a0\u00bbcenter\u00a0\u00bb css=\u00a0\u00bb.vc_custom_1482242524046{padding-top: 0px !important;padding-right: 0px !important;padding-bottom: 0px !important;padding-left: 0px !important;}\u00a0\u00bb][\/vc_column][\/vc_row][vc_row rt_row_background_width=\u00a0\u00bbfullwidth\u00a0\u00bb rt_row_content_width=\u00a0\u00bbdefault\u00a0\u00bb rt_row_style=\u00a0\u00bbdefault-style\u00a0\u00bb rt_row_borders=\u00a0\u00bbbottom\u00a0\u00bb rt_row_paddings=\u00a0\u00bbtrue\u00a0\u00bb rt_bg_effect=\u00a0\u00bbparallax\u00a0\u00bb rt_bg_parallax_effect=\u00a0\u00bb1&Prime; rt_bg_image_repeat=\u00a0\u00bbrepeat\u00a0\u00bb rt_bg_size=\u00a0\u00bbauto auto\u00a0\u00bb rt_bg_position=\u00a0\u00bbright top\u00a0\u00bb rt_bg_video_format=\u00a0\u00bbself-hosted\u00a0\u00bb rt_row_width=\u00a0\u00bbdefault\u00a0\u00bb rt_row_placement=\u00a0\u00bbtrue\u00a0\u00bb class=\u00a0\u00bbstriscia-form\u00a0\u00bb rt_bg_color=\u00a0\u00bb#18693b\u00a0\u00bb rt_padding_bottom=\u00a0\u00bb50px\u00a0\u00bb][vc_column rt_bg_image_repeat=\u00a0\u00bbrepeat\u00a0\u00bb [&hellip;]<\/p>\n","protected":false},"author":3,"featured_media":0,"parent":0,"menu_order":0,"comment_status":"closed","ping_status":"closed","template":"","meta":{"footnotes":""},"class_list":["post-5381","page","type-page","status-publish","hentry"],"_links":{"self":[{"href":"https:\/\/www.villavacanzeparadiso.com\/fr\/wp-json\/wp\/v2\/pages\/5381","targetHints":{"allow":["GET"]}}],"collection":[{"href":"https:\/\/www.villavacanzeparadiso.com\/fr\/wp-json\/wp\/v2\/pages"}],"about":[{"href":"https:\/\/www.villavacanzeparadiso.com\/fr\/wp-json\/wp\/v2\/types\/page"}],"author":[{"embeddable":true,"href":"https:\/\/www.villavacanzeparadiso.com\/fr\/wp-json\/wp\/v2\/users\/3"}],"replies":[{"embeddable":true,"href":"https:\/\/www.villavacanzeparadiso.com\/fr\/wp-json\/wp\/v2\/comments?post=5381"}],"version-history":[{"count":0,"href":"https:\/\/www.villavacanzeparadiso.com\/fr\/wp-json\/wp\/v2\/pages\/5381\/revisions"}],"wp:attachment":[{"href":"https:\/\/www.villavacanzeparadiso.com\/fr\/wp-json\/wp\/v2\/media?parent=5381"}],"curies":[{"name":"wp","href":"https:\/\/api.w.org\/{rel}","templated":true}]}}