{"id":5413,"date":"2016-05-31T11:37:51","date_gmt":"2016-05-31T09:37:51","guid":{"rendered":"https:\/\/www.villavacanzeparadiso.com\/?page_id=5413"},"modified":"2018-05-11T15:30:40","modified_gmt":"2018-05-11T13:30:40","slug":"appartamento-lantana","status":"publish","type":"page","link":"https:\/\/www.villavacanzeparadiso.com\/fr\/appartamento-lantana\/","title":{"rendered":"Habitation Lantana"},"content":{"rendered":"<div class=\"wpb-content-wrapper\"><p>[vc_row rt_row_background_width=\u00a0\u00bbfullwidth\u00a0\u00bb rt_row_content_width=\u00a0\u00bbfullwidth\u00a0\u00bb rt_row_style=\u00a0\u00bbdefault-style\u00a0\u00bb rt_row_borders=\u00a0\u00bb\u00a0\u00bb rt_row_paddings=\u00a0\u00bbfalse\u00a0\u00bb rt_bg_effect=\u00a0\u00bbparallax\u00a0\u00bb rt_bg_parallax_effect=\u00a0\u00bb1&Prime; rt_bg_image_repeat=\u00a0\u00bbno-repeat\u00a0\u00bb rt_bg_size=\u00a0\u00bb100% auto\u00a0\u00bb rt_bg_position=\u00a0\u00bbright top\u00a0\u00bb rt_bg_video_format=\u00a0\u00bbself-hosted\u00a0\u00bb rt_row_width=\u00a0\u00bbdefault\u00a0\u00bb rt_row_placement=\u00a0\u00bbtrue\u00a0\u00bb][vc_column rt_bg_image_repeat=\u00a0\u00bbrepeat\u00a0\u00bb rt_bg_size=\u00a0\u00bb100% auto\u00a0\u00bb rt_bg_attachment=\u00a0\u00bbfixed\u00a0\u00bb rt_padding_top=\u00a0\u00bb0px\u00a0\u00bb rt_padding_bottom=\u00a0\u00bb0px\u00a0\u00bb rt_padding_left=\u00a0\u00bb0px\u00a0\u00bb rt_padding_right=\u00a0\u00bb0px\u00a0\u00bb][vc_single_image image=\u00a0\u00bb5901&Prime; img_size=\u00a0\u00bbfull\u00a0\u00bb alignment=\u00a0\u00bbcenter\u00a0\u00bb css=\u00a0\u00bb.vc_custom_1482238239284{padding-top: 0px !important;padding-right: 0px !important;padding-bottom: 0px !important;padding-left: 0px !important;}\u00a0\u00bb][\/vc_column][\/vc_row][vc_row rt_row_background_width=\u00a0\u00bbfullwidth\u00a0\u00bb rt_row_content_width=\u00a0\u00bbdefault\u00a0\u00bb rt_row_style=\u00a0\u00bbdefault-style\u00a0\u00bb rt_row_borders=\u00a0\u00bbbottom\u00a0\u00bb rt_row_paddings=\u00a0\u00bbtrue\u00a0\u00bb rt_bg_effect=\u00a0\u00bbparallax\u00a0\u00bb rt_bg_parallax_effect=\u00a0\u00bb1&Prime; rt_bg_image_repeat=\u00a0\u00bbrepeat\u00a0\u00bb rt_bg_size=\u00a0\u00bbauto auto\u00a0\u00bb rt_bg_position=\u00a0\u00bbright top\u00a0\u00bb rt_bg_video_format=\u00a0\u00bbself-hosted\u00a0\u00bb rt_row_width=\u00a0\u00bbdefault\u00a0\u00bb rt_row_placement=\u00a0\u00bbtrue\u00a0\u00bb class=\u00a0\u00bbstriscia-form\u00a0\u00bb rt_bg_color=\u00a0\u00bb#18693b\u00a0\u00bb rt_padding_bottom=\u00a0\u00bb50px\u00a0\u00bb][vc_column rt_bg_image_repeat=\u00a0\u00bbrepeat\u00a0\u00bb rt_bg_size=\u00a0\u00bbauto auto\u00a0\u00bb rt_bg_attachment=\u00a0\u00bbscroll\u00a0\u00bb][vc_column_text]\r\n\r\n    <div class=\"icon-top-bar\">\r\n\r\n        <div class=\"one-icon-div left\">\r\n\r\n        <i class=\"fa fa-star\" aria-hidden=\"true\"><\/i><h3>Meilleur Prix Garanti<\/h3>\r\n\r\n        <\/div>\r\n\r\n        <div class=\"one-icon-div center\">\r\n\r\n        <i class=\"fa fa-tags\" aria-hidden=\"true\"><\/i><h3>Offres exclusives<\/h3>\r\n\r\n        <\/div>\r\n\r\n        <div class=\"one-icon-div right\">\r\n\r\n        <i class=\"fa fa-user\" aria-hidden=\"true\"><\/i><h3>Services personnalis\u00e9s<\/h3>\r\n\r\n        <\/div>\r\n\r\n    <\/div>\r\n\r\n\r\n<script class=\"kas_online_reception\" src=\"https:\/\/wubook.net\/js\/nebk\/bwidget.jgz\" data-wid=\"047cfe91-93dc-475d-9807-7c61409e04d4\"><\/script>\r\n\r\n  [\/vc_column_text][\/vc_column][\/vc_row][vc_row rt_row_background_width=\u00a0\u00bbdefault\u00a0\u00bb rt_row_style=\u00a0\u00bbdefault-style\u00a0\u00bb rt_row_borders=\u00a0\u00bb\u00a0\u00bb rt_overlap=\u00a0\u00bbtrue\u00a0\u00bb rt_row_paddings=\u00a0\u00bbtrue\u00a0\u00bb rt_bg_effect=\u00a0\u00bbclassic\u00a0\u00bb rt_bg_image_repeat=\u00a0\u00bbrepeat\u00a0\u00bb rt_bg_size=\u00a0\u00bbcover\u00a0\u00bb rt_bg_position=\u00a0\u00bbright top\u00a0\u00bb rt_bg_attachment=\u00a0\u00bbscroll\u00a0\u00bb rt_bg_video_format=\u00a0\u00bbself-hosted\u00a0\u00bb][vc_column rt_bg_image_repeat=\u00a0\u00bbrepeat\u00a0\u00bb rt_bg_size=\u00a0\u00bbauto auto\u00a0\u00bb rt_bg_attachment=\u00a0\u00bbscroll\u00a0\u00bb][vc_column_text]La maison Lantana dispose d&rsquo;un syst\u00e8me de d\u00e9tecteur de fum\u00e9e ind\u00e9pendant, alarme et cl\u00e9 \u00e9lectronique.[\/vc_column_text][vc_empty_space height=\u00a0\u00bb40px\u00a0\u00bb]<div class=\"rt_heading_wrapper style-1\">\n\t\t\t\t\t\t\n\t\t\t\t\t\t<h3 class=\"rt_heading  style-1\" >Habitation Lantana &#8211; Nr. 4 comprenant:<\/h3>\n\t\t\t\t\t<\/div>[vc_row_inner rt_row_style=\u00a0\u00bbglobal-style\u00a0\u00bb][vc_column_inner width=\u00a0\u00bb1\/2&Prime; rt_bg_image_repeat=\u00a0\u00bbrepeat\u00a0\u00bb rt_bg_size=\u00a0\u00bbauto auto\u00a0\u00bb rt_bg_attachment=\u00a0\u00bbscroll\u00a0\u00bb][vc_column_text]<\/p>\n<ul class=\"descr-dettaglio fa-ul\">\n<li><i class=\"fa-li fa fa-check\"><\/i>1 chambre double<\/li>\n<li><i class=\"fa-li fa fa-check\"><\/i>1 chambre avec un lit simple ou lits superpos\u00e9s<\/li>\n<li><i class=\"fa-li fa fa-check\"><\/i>salle de bains avec douche, bidet et s\u00e8che-cheveux<\/li>\n<li><i class=\"fa-li fa fa-check\"><\/i>cuisine avec four et r\u00e9frig\u00e9rateur-cong\u00e9lateur<\/li>\n<li><i class=\"fa-li fa fa-check\"><\/i>T\u00e9l\u00e9vision<\/li>\n<li><i class=\"fa-li fa fa-check\"><\/i>coffre-fort<\/li>\n<li><i class=\"fa-li fa fa-check\"><\/i>t\u00e9l\u00e9phone pour recevoir des appels<\/li>\n<li><i class=\"fa-li fa fa-check\"><\/i>air conditionn\u00e9 et chauffage<\/li>\n<li><i class=\"fa-li fa fa-check\"><\/i>wi-fi inclus dans le prix<\/li>\n<li><i class=\"fa-li fa fa-check\"><\/i>draps et serviettes<\/li>\n<li><i class=\"fa-li fa fa-check\"><\/i>v\u00e9randa avec douche, lavabo, barbecue, table et chaises<\/li>\n<\/ul>\n<p>[\/vc_column_text][\/vc_column_inner][vc_column_inner width=\u00a0\u00bb1\/2&Prime; rt_bg_image_repeat=\u00a0\u00bbrepeat\u00a0\u00bb rt_bg_size=\u00a0\u00bbauto auto\u00a0\u00bb rt_bg_attachment=\u00a0\u00bbscroll\u00a0\u00bb][vc_column_text]\n\t\t<!-- MasterSlider -->\n\t\t<div id=\"P_MS69def97673567\" class=\"master-slider-parent msl ms-parent-id-11\" style=\"max-width:800px;\"  >\n\n\t\t\t\n\t\t\t<!-- MasterSlider Main -->\n\t\t\t<div id=\"MS69def97673567\" class=\"master-slider ms-skin-default\" >\n\t\t\t\t \t\t\t\t \n\t\t\t\t<div  class=\"ms-slide\" data-delay=\"3\" data-fill-mode=\"fill\"  >\n\t\t\t\t\t<img decoding=\"async\" src=\"https:\/\/www.villavacanzeparadiso.com\/wp-content\/plugins\/master-slider\/public\/assets\/css\/blank.gif\" alt=\"Appartamento Lantana\" title=\"\" data-src=\"https:\/\/www.villavacanzeparadiso.com\/wp-content\/uploads\/2016\/12\/lantana-gallery-1.jpg\" \/>\n\n\n\t<img decoding=\"async\" class=\"ms-thumb\" src=\"https:\/\/www.villavacanzeparadiso.com\/wp-content\/uploads\/2016\/12\/lantana-gallery-1-140x80.jpg\" alt=\"Appartamento Lantana\" \/>\n\t<div class=\"ms-thumb\" ><div class=\"ms-tab-context\"><div class=&quot;ms-tab-context&quot;><\/div><\/div>\n<\/div>\n\t\t\t\t<\/div>\n\t\t\t\t<div  class=\"ms-slide\" data-delay=\"3\" data-fill-mode=\"fill\"  >\n\t\t\t\t\t<img decoding=\"async\" src=\"https:\/\/www.villavacanzeparadiso.com\/wp-content\/plugins\/master-slider\/public\/assets\/css\/blank.gif\" alt=\"\" title=\"\" data-src=\"https:\/\/www.villavacanzeparadiso.com\/wp-content\/uploads\/2016\/12\/2-copia.png\" \/>\n\n\n\t<img decoding=\"async\" class=\"ms-thumb\" src=\"https:\/\/www.villavacanzeparadiso.com\/wp-content\/uploads\/2016\/12\/2-copia-140x80.png\" alt=\"\" \/>\n\t<div class=\"ms-thumb\" ><div class=\"ms-tab-context\"><div class=&quot;ms-tab-context&quot;><\/div><\/div>\n<\/div>\n\t\t\t\t<\/div>\n\t\t\t\t<div  class=\"ms-slide\" data-delay=\"3\" data-fill-mode=\"fill\"  >\n\t\t\t\t\t<img decoding=\"async\" src=\"https:\/\/www.villavacanzeparadiso.com\/wp-content\/plugins\/master-slider\/public\/assets\/css\/blank.gif\" alt=\"Appartamento Lantana\" title=\"\" data-src=\"https:\/\/www.villavacanzeparadiso.com\/wp-content\/uploads\/2016\/12\/lantana-gallery-2.jpg\" \/>\n\n\n\t<img decoding=\"async\" class=\"ms-thumb\" src=\"https:\/\/www.villavacanzeparadiso.com\/wp-content\/uploads\/2016\/12\/lantana-gallery-2-140x80.jpg\" alt=\"Appartamento Lantana\" \/>\n\t<div class=\"ms-thumb\" ><div class=\"ms-tab-context\"><div class=&quot;ms-tab-context&quot;><\/div><\/div>\n<\/div>\n\t\t\t\t<\/div>\n\t\t\t\t<div  class=\"ms-slide\" data-delay=\"3\" data-fill-mode=\"fill\"  >\n\t\t\t\t\t<img decoding=\"async\" src=\"https:\/\/www.villavacanzeparadiso.com\/wp-content\/plugins\/master-slider\/public\/assets\/css\/blank.gif\" alt=\"Appartamento Lantana\" title=\"\" data-src=\"https:\/\/www.villavacanzeparadiso.com\/wp-content\/uploads\/2016\/12\/lantana-gallery-3.jpg\" \/>\n\n\n\t<img decoding=\"async\" class=\"ms-thumb\" src=\"https:\/\/www.villavacanzeparadiso.com\/wp-content\/uploads\/2016\/12\/lantana-gallery-3-140x80.jpg\" alt=\"Appartamento Lantana\" \/>\n\t<div class=\"ms-thumb\" ><div class=\"ms-tab-context\"><div class=&quot;ms-tab-context&quot;><\/div><\/div>\n<\/div>\n\t\t\t\t<\/div>\n\t\t\t\t<div  class=\"ms-slide\" data-delay=\"3\" data-fill-mode=\"fill\"  >\n\t\t\t\t\t<img decoding=\"async\" src=\"https:\/\/www.villavacanzeparadiso.com\/wp-content\/plugins\/master-slider\/public\/assets\/css\/blank.gif\" alt=\"Appartamento Lantana\" title=\"\" data-src=\"https:\/\/www.villavacanzeparadiso.com\/wp-content\/uploads\/2016\/12\/lantana-gallery-4.jpg\" \/>\n\n\n\t<img decoding=\"async\" class=\"ms-thumb\" src=\"https:\/\/www.villavacanzeparadiso.com\/wp-content\/uploads\/2016\/12\/lantana-gallery-4-140x80.jpg\" alt=\"Appartamento Lantana\" \/>\n\t<div class=\"ms-thumb\" ><div class=\"ms-tab-context\"><div class=&quot;ms-tab-context&quot;><\/div><\/div>\n<\/div>\n\t\t\t\t<\/div>\n\t\t\t\t<div  class=\"ms-slide\" data-delay=\"3\" data-fill-mode=\"fill\"  >\n\t\t\t\t\t<img decoding=\"async\" src=\"https:\/\/www.villavacanzeparadiso.com\/wp-content\/plugins\/master-slider\/public\/assets\/css\/blank.gif\" alt=\"Appartamento Lantana\" title=\"\" data-src=\"https:\/\/www.villavacanzeparadiso.com\/wp-content\/uploads\/2016\/12\/lantana-gallery-5.jpg\" \/>\n\n\n\t<img decoding=\"async\" class=\"ms-thumb\" src=\"https:\/\/www.villavacanzeparadiso.com\/wp-content\/uploads\/2016\/12\/lantana-gallery-5-140x80.jpg\" alt=\"Appartamento Lantana\" \/>\n\t<div class=\"ms-thumb\" ><div class=\"ms-tab-context\"><div class=&quot;ms-tab-context&quot;><\/div><\/div>\n<\/div>\n\t\t\t\t<\/div>\n\t\t\t\t<div  class=\"ms-slide\" data-delay=\"3\" data-fill-mode=\"fill\"  >\n\t\t\t\t\t<img decoding=\"async\" src=\"https:\/\/www.villavacanzeparadiso.com\/wp-content\/plugins\/master-slider\/public\/assets\/css\/blank.gif\" alt=\"Appartamento Lantana\" title=\"\" data-src=\"https:\/\/www.villavacanzeparadiso.com\/wp-content\/uploads\/2016\/12\/lantana-gallery-6.jpg\" \/>\n\n\n\t<img decoding=\"async\" class=\"ms-thumb\" src=\"https:\/\/www.villavacanzeparadiso.com\/wp-content\/uploads\/2016\/12\/lantana-gallery-6-140x80.jpg\" alt=\"Appartamento Lantana\" \/>\n\t<div class=\"ms-thumb\" ><div class=\"ms-tab-context\"><div class=&quot;ms-tab-context&quot;><\/div><\/div>\n<\/div>\n\t\t\t\t<\/div>\n\t\t\t\t<div  class=\"ms-slide\" data-delay=\"3\" data-fill-mode=\"fill\"  >\n\t\t\t\t\t<img decoding=\"async\" src=\"https:\/\/www.villavacanzeparadiso.com\/wp-content\/plugins\/master-slider\/public\/assets\/css\/blank.gif\" alt=\"Appartamento Lantana\" title=\"\" data-src=\"https:\/\/www.villavacanzeparadiso.com\/wp-content\/uploads\/2016\/12\/lantana-gallery-7.jpg\" \/>\n\n\n\t<img decoding=\"async\" class=\"ms-thumb\" src=\"https:\/\/www.villavacanzeparadiso.com\/wp-content\/uploads\/2016\/12\/lantana-gallery-7-140x80.jpg\" alt=\"Appartamento Lantana\" \/>\n\t<div class=\"ms-thumb\" ><div class=\"ms-tab-context\"><div class=&quot;ms-tab-context&quot;><\/div><\/div>\n<\/div>\n\t\t\t\t<\/div>\n\t\t\t\t<div  class=\"ms-slide\" data-delay=\"3\" data-fill-mode=\"fill\"  >\n\t\t\t\t\t<img decoding=\"async\" src=\"https:\/\/www.villavacanzeparadiso.com\/wp-content\/plugins\/master-slider\/public\/assets\/css\/blank.gif\" alt=\"Appartamento Lantana\" title=\"\" data-src=\"https:\/\/www.villavacanzeparadiso.com\/wp-content\/uploads\/2016\/12\/lantana-gallery-8.jpg\" \/>\n\n\n\t<img decoding=\"async\" class=\"ms-thumb\" src=\"https:\/\/www.villavacanzeparadiso.com\/wp-content\/uploads\/2016\/12\/lantana-gallery-8-140x80.jpg\" alt=\"Appartamento Lantana\" \/>\n\t<div class=\"ms-thumb\" ><div class=\"ms-tab-context\"><div class=&quot;ms-tab-context&quot;><\/div><\/div>\n<\/div>\n\t\t\t\t<\/div>\n\t\t\t\t<div  class=\"ms-slide\" data-delay=\"3\" data-fill-mode=\"fill\"  >\n\t\t\t\t\t<img decoding=\"async\" src=\"https:\/\/www.villavacanzeparadiso.com\/wp-content\/plugins\/master-slider\/public\/assets\/css\/blank.gif\" alt=\"\" title=\"\" data-src=\"https:\/\/www.villavacanzeparadiso.com\/wp-content\/uploads\/2016\/12\/1-copia.png\" \/>\n\n\n\t<img decoding=\"async\" class=\"ms-thumb\" src=\"https:\/\/www.villavacanzeparadiso.com\/wp-content\/uploads\/2016\/12\/1-copia-140x80.png\" alt=\"\" \/>\n\t<div class=\"ms-thumb\" ><div class=\"ms-tab-context\"><div class=&quot;ms-tab-context&quot;><\/div><\/div>\n<\/div>\n\t\t\t\t<\/div>\n\n\t\t\t<\/div>\n\t\t\t<!-- END MasterSlider Main -->\n\n\t\t\t \n\t\t<\/div>\n\t\t<!-- END MasterSlider -->\n\n\t\t<script>\n\t\t(function ( $ ) {\n\t\t\t\"use strict\";\n\n\t\t\t$(function () {\n\t\t\t\tvar masterslider_3567 = new MasterSlider();\n\n\t\t\t\t\/\/ slider controls\n\t\t\t\tmasterslider_3567.control('arrows'     ,{ autohide:false, overVideo:true  });\t\t\t\tmasterslider_3567.control('bullets'    ,{ autohide:false, overVideo:true, dir:'h', align:'bottom' , margin:10  });\n\n\t\t\t\tmasterslider_3567.control('thumblist'  ,{ autohide:false, overVideo:true, dir:'h', speed:17, inset:false, arrows:false, hover:false, customClass:'', align:'bottom',type:'thumbs', margin:5, width:140, height:80, space:5, fillMode:'fill'  });\n\t\t\t\t\/\/ slider setup\n\t\t\t\tmasterslider_3567.setup(\"MS69def97673567\", {\n\t\t\t\t\t\twidth           : 800,\n\t\t\t\t\t\theight          : 533,\n\t\t\t\t\t\tminHeight       : 0,\n\t\t\t\t\t\tspace           : 0,\n\t\t\t\t\t\tstart           : 1,\n\t\t\t\t\t\tgrabCursor      : true,\n\t\t\t\t\t\tswipe           : true,\n\t\t\t\t\t\tmouse           : true,\n\t\t\t\t\t\tlayout          : \"boxed\",\n\t\t\t\t\t\twheel           : false,\n\t\t\t\t\t\tautoplay        : false,\n\t\t\t\t\t\tinstantStartLayers:false,\n\t\t\t\t\t\tloop            : true,\n\t\t\t\t\t\tshuffle         : false,\n\t\t\t\t\t\tpreload         : 0,\n\t\t\t\t\t\theightLimit     : true,\n\t\t\t\t\t\tautoHeight      : false,\n\t\t\t\t\t\tsmoothHeight    : true,\n\t\t\t\t\t\tendPause        : false,\n\t\t\t\t\t\toverPause       : true,\n\t\t\t\t\t\tfillMode        : \"fill\",\n\t\t\t\t\t\tcenterControls  : true,\n\t\t\t\t\t\tstartOnAppear   : false,\n\t\t\t\t\t\tlayersMode      : \"center\",\n\t\t\t\t\t\thideLayers      : false,\n\t\t\t\t\t\tfullscreenMargin: 0,\n\t\t\t\t\t\tspeed           : 20,\n\t\t\t\t\t\tdir             : \"h\",\n\t\t\t\t\t\tparallaxMode    : 'swipe',\n\t\t\t\t\t\tview            : \"basic\"\n\t\t\t\t});\n\n\t\t\t\t\n\t\t\t\twindow.masterslider_instances = window.masterslider_instances || [];\n\t\t\t\twindow.masterslider_instances.push( masterslider_3567 );\n\t\t\t });\n\n\t\t})(jQuery);\n\t\t<\/script>\n\n[\/vc_column_text][\/vc_column_inner][\/vc_row_inner][vc_empty_space height=\u00a0\u00bb40px\u00a0\u00bb]<div class=\"rt_heading_wrapper style-1\">\n\t\t\t\t\t\t\n\t\t\t\t\t\t<h3 class=\"rt_heading  style-1\" >Visitez nos autres appartements<\/h3>\n\t\t\t\t\t<\/div>[vc_row_inner rt_row_style=\u00a0\u00bbglobal-style\u00a0\u00bb][vc_column_inner width=\u00a0\u00bb1\/4&Prime; rt_bg_image_repeat=\u00a0\u00bbrepeat\u00a0\u00bb rt_bg_size=\u00a0\u00bbauto auto\u00a0\u00bb rt_bg_attachment=\u00a0\u00bbscroll\u00a0\u00bb]<article  class=\"mc-home-heading image-content-box content-box box-style-1 left\"><div class=\"featured_image_holder\"><a href=\"\/fr\/appartamento-margherita\/\" title=\"\" target=\"_self\"><img decoding=\"async\" class=\"img-responsive\" src=\"https:\/\/www.villavacanzeparadiso.com\/wp-content\/uploads\/2016\/05\/apartment-margherita.jpg\" alt=\"Appartamento Margherita\" \/><\/a><\/div><div class=\"text-holder\">\n\t<h6 class=\"heading\" >\n\t\t<a href=\"\/fr\/appartamento-margherita\/\" title=\"Habitation Margherita\" target=\"_self\" >\n\t\t\tHabitation Margherita\n\t\t<\/a>\n\t<\/h6> <\/div><\/article>[\/vc_column_inner][vc_column_inner width=\u00a0\u00bb1\/4&Prime; rt_bg_image_repeat=\u00a0\u00bbrepeat\u00a0\u00bb rt_bg_size=\u00a0\u00bbauto auto\u00a0\u00bb rt_bg_attachment=\u00a0\u00bbscroll\u00a0\u00bb]<article  class=\"mc-home-heading image-content-box content-box box-style-1 left\"><div class=\"featured_image_holder\"><a href=\"\/fr\/appartamento-rosa\/\" title=\"\" target=\"_self\"><img decoding=\"async\" class=\"img-responsive\" src=\"https:\/\/www.villavacanzeparadiso.com\/wp-content\/uploads\/2016\/05\/apartment-rosa.jpg\" alt=\"Appartamento Rosa\" \/><\/a><\/div><div class=\"text-holder\">\n\t<h6 class=\"heading\" >\n\t\t<a href=\"\/fr\/appartamento-rosa\/\" title=\"Habitation Rosa\" target=\"_self\" >\n\t\t\tHabitation Rosa\n\t\t<\/a>\n\t<\/h6> <\/div><\/article>[\/vc_column_inner][vc_column_inner width=\u00a0\u00bb1\/4&Prime; rt_bg_image_repeat=\u00a0\u00bbrepeat\u00a0\u00bb rt_bg_size=\u00a0\u00bbauto auto\u00a0\u00bb rt_bg_attachment=\u00a0\u00bbscroll\u00a0\u00bb]<article  class=\"mc-home-heading image-content-box content-box box-style-1 left\"><div class=\"featured_image_holder\"><a href=\"\/fr\/appartamento-narciso\/\" title=\"\" target=\"_self\"><img decoding=\"async\" class=\"img-responsive\" src=\"https:\/\/www.villavacanzeparadiso.com\/wp-content\/uploads\/2016\/05\/apartment-narciso.jpg\" alt=\"Appartamento Narciso\" \/><\/a><\/div><div class=\"text-holder\">\n\t<h6 class=\"heading\" >\n\t\t<a href=\"\/fr\/appartamento-narciso\/\" title=\"Habitation Narciso\" target=\"_self\" >\n\t\t\tHabitation Narciso\n\t\t<\/a>\n\t<\/h6> <\/div><\/article>[\/vc_column_inner][vc_column_inner width=\u00a0\u00bb1\/4&Prime; rt_bg_image_repeat=\u00a0\u00bbrepeat\u00a0\u00bb rt_bg_size=\u00a0\u00bbauto auto\u00a0\u00bb rt_bg_attachment=\u00a0\u00bbscroll\u00a0\u00bb]<article  class=\"mc-home-heading image-content-box content-box box-style-1 left\"><div class=\"featured_image_holder\"><a href=\"\/fr\/appartamento-bouganville\/\" title=\"\" target=\"_self\"><img decoding=\"async\" class=\"img-responsive\" src=\"https:\/\/www.villavacanzeparadiso.com\/wp-content\/uploads\/2016\/05\/apartment-bouganville.jpg\" alt=\"Appartamento Bouganville\" \/><\/a><\/div><div class=\"text-holder\">\n\t<h6 class=\"heading\" >\n\t\t<a href=\"\/fr\/appartamento-bouganville\/\" title=\"Habitation Bouganville\" target=\"_self\" >\n\t\t\tHabitation Bouganville\n\t\t<\/a>\n\t<\/h6> <\/div><\/article>[\/vc_column_inner][\/vc_row_inner][\/vc_column][\/vc_row]<\/p>\n<\/div>","protected":false},"excerpt":{"rendered":"<p>[vc_row rt_row_background_width=\u00a0\u00bbfullwidth\u00a0\u00bb rt_row_content_width=\u00a0\u00bbfullwidth\u00a0\u00bb rt_row_style=\u00a0\u00bbdefault-style\u00a0\u00bb rt_row_borders=\u00a0\u00bb\u00a0\u00bb rt_row_paddings=\u00a0\u00bbfalse\u00a0\u00bb rt_bg_effect=\u00a0\u00bbparallax\u00a0\u00bb rt_bg_parallax_effect=\u00a0\u00bb1&Prime; rt_bg_image_repeat=\u00a0\u00bbno-repeat\u00a0\u00bb rt_bg_size=\u00a0\u00bb100% auto\u00a0\u00bb rt_bg_position=\u00a0\u00bbright top\u00a0\u00bb rt_bg_video_format=\u00a0\u00bbself-hosted\u00a0\u00bb rt_row_width=\u00a0\u00bbdefault\u00a0\u00bb rt_row_placement=\u00a0\u00bbtrue\u00a0\u00bb][vc_column rt_bg_image_repeat=\u00a0\u00bbrepeat\u00a0\u00bb rt_bg_size=\u00a0\u00bb100% auto\u00a0\u00bb rt_bg_attachment=\u00a0\u00bbfixed\u00a0\u00bb rt_padding_top=\u00a0\u00bb0px\u00a0\u00bb rt_padding_bottom=\u00a0\u00bb0px\u00a0\u00bb rt_padding_left=\u00a0\u00bb0px\u00a0\u00bb rt_padding_right=\u00a0\u00bb0px\u00a0\u00bb][vc_single_image image=\u00a0\u00bb5901&Prime; img_size=\u00a0\u00bbfull\u00a0\u00bb alignment=\u00a0\u00bbcenter\u00a0\u00bb css=\u00a0\u00bb.vc_custom_1482238239284{padding-top: 0px !important;padding-right: 0px !important;padding-bottom: 0px !important;padding-left: 0px !important;}\u00a0\u00bb][\/vc_column][\/vc_row][vc_row rt_row_background_width=\u00a0\u00bbfullwidth\u00a0\u00bb rt_row_content_width=\u00a0\u00bbdefault\u00a0\u00bb rt_row_style=\u00a0\u00bbdefault-style\u00a0\u00bb rt_row_borders=\u00a0\u00bbbottom\u00a0\u00bb rt_row_paddings=\u00a0\u00bbtrue\u00a0\u00bb rt_bg_effect=\u00a0\u00bbparallax\u00a0\u00bb rt_bg_parallax_effect=\u00a0\u00bb1&Prime; rt_bg_image_repeat=\u00a0\u00bbrepeat\u00a0\u00bb rt_bg_size=\u00a0\u00bbauto auto\u00a0\u00bb rt_bg_position=\u00a0\u00bbright top\u00a0\u00bb rt_bg_video_format=\u00a0\u00bbself-hosted\u00a0\u00bb rt_row_width=\u00a0\u00bbdefault\u00a0\u00bb rt_row_placement=\u00a0\u00bbtrue\u00a0\u00bb class=\u00a0\u00bbstriscia-form\u00a0\u00bb rt_bg_color=\u00a0\u00bb#18693b\u00a0\u00bb rt_padding_bottom=\u00a0\u00bb50px\u00a0\u00bb][vc_column rt_bg_image_repeat=\u00a0\u00bbrepeat\u00a0\u00bb [&hellip;]<\/p>\n","protected":false},"author":3,"featured_media":0,"parent":0,"menu_order":0,"comment_status":"closed","ping_status":"closed","template":"","meta":{"footnotes":""},"class_list":["post-5413","page","type-page","status-publish","hentry"],"_links":{"self":[{"href":"https:\/\/www.villavacanzeparadiso.com\/fr\/wp-json\/wp\/v2\/pages\/5413","targetHints":{"allow":["GET"]}}],"collection":[{"href":"https:\/\/www.villavacanzeparadiso.com\/fr\/wp-json\/wp\/v2\/pages"}],"about":[{"href":"https:\/\/www.villavacanzeparadiso.com\/fr\/wp-json\/wp\/v2\/types\/page"}],"author":[{"embeddable":true,"href":"https:\/\/www.villavacanzeparadiso.com\/fr\/wp-json\/wp\/v2\/users\/3"}],"replies":[{"embeddable":true,"href":"https:\/\/www.villavacanzeparadiso.com\/fr\/wp-json\/wp\/v2\/comments?post=5413"}],"version-history":[{"count":0,"href":"https:\/\/www.villavacanzeparadiso.com\/fr\/wp-json\/wp\/v2\/pages\/5413\/revisions"}],"wp:attachment":[{"href":"https:\/\/www.villavacanzeparadiso.com\/fr\/wp-json\/wp\/v2\/media?parent=5413"}],"curies":[{"name":"wp","href":"https:\/\/api.w.org\/{rel}","templated":true}]}}