{"id":5591,"date":"2016-06-01T10:14:24","date_gmt":"2016-06-01T08:14:24","guid":{"rendered":"https:\/\/www.villavacanzeparadiso.com\/?page_id=5591"},"modified":"2017-01-11T14:28:55","modified_gmt":"2017-01-11T13:28:55","slug":"piscina","status":"publish","type":"page","link":"https:\/\/www.villavacanzeparadiso.com\/fr\/piscina\/","title":{"rendered":"Piscine"},"content":{"rendered":"<div class=\"wpb-content-wrapper\"><p>[vc_row rt_row_background_width=\u00a0\u00bbfullwidth\u00a0\u00bb rt_row_content_width=\u00a0\u00bbfullwidth\u00a0\u00bb rt_row_style=\u00a0\u00bbdefault-style\u00a0\u00bb rt_row_borders=\u00a0\u00bb\u00a0\u00bb rt_row_paddings=\u00a0\u00bbfalse\u00a0\u00bb rt_bg_effect=\u00a0\u00bbparallax\u00a0\u00bb rt_bg_parallax_effect=\u00a0\u00bb1&Prime; rt_bg_image_repeat=\u00a0\u00bbno-repeat\u00a0\u00bb rt_bg_size=\u00a0\u00bb100% auto\u00a0\u00bb rt_bg_position=\u00a0\u00bbright top\u00a0\u00bb rt_bg_video_format=\u00a0\u00bbself-hosted\u00a0\u00bb rt_row_width=\u00a0\u00bbdefault\u00a0\u00bb rt_row_placement=\u00a0\u00bbtrue\u00a0\u00bb][vc_column rt_bg_image_repeat=\u00a0\u00bbrepeat\u00a0\u00bb rt_bg_size=\u00a0\u00bb100% auto\u00a0\u00bb rt_bg_attachment=\u00a0\u00bbfixed\u00a0\u00bb rt_padding_top=\u00a0\u00bb0px\u00a0\u00bb rt_padding_bottom=\u00a0\u00bb0px\u00a0\u00bb rt_padding_left=\u00a0\u00bb0px\u00a0\u00bb rt_padding_right=\u00a0\u00bb0px\u00a0\u00bb][vc_single_image image=\u00a0\u00bb6001&Prime; img_size=\u00a0\u00bbfull\u00a0\u00bb alignment=\u00a0\u00bbcenter\u00a0\u00bb css=\u00a0\u00bb.vc_custom_1482242855869{padding-top: 0px !important;padding-right: 0px !important;padding-bottom: 0px !important;padding-left: 0px !important;}\u00a0\u00bb][\/vc_column][\/vc_row][vc_row rt_row_background_width=\u00a0\u00bbfullwidth\u00a0\u00bb rt_row_content_width=\u00a0\u00bbdefault\u00a0\u00bb rt_row_style=\u00a0\u00bbdefault-style\u00a0\u00bb rt_row_borders=\u00a0\u00bbbottom\u00a0\u00bb rt_row_paddings=\u00a0\u00bbtrue\u00a0\u00bb rt_bg_effect=\u00a0\u00bbparallax\u00a0\u00bb rt_bg_parallax_effect=\u00a0\u00bb1&Prime; rt_bg_image_repeat=\u00a0\u00bbrepeat\u00a0\u00bb rt_bg_size=\u00a0\u00bbauto auto\u00a0\u00bb rt_bg_position=\u00a0\u00bbright top\u00a0\u00bb rt_bg_video_format=\u00a0\u00bbself-hosted\u00a0\u00bb rt_row_width=\u00a0\u00bbdefault\u00a0\u00bb rt_row_placement=\u00a0\u00bbtrue\u00a0\u00bb class=\u00a0\u00bbstriscia-form\u00a0\u00bb rt_bg_color=\u00a0\u00bb#18693b\u00a0\u00bb rt_padding_bottom=\u00a0\u00bb50px\u00a0\u00bb][vc_column rt_bg_image_repeat=\u00a0\u00bbrepeat\u00a0\u00bb rt_bg_size=\u00a0\u00bbauto auto\u00a0\u00bb rt_bg_attachment=\u00a0\u00bbscroll\u00a0\u00bb][vc_column_text]\r\n\r\n    <div class=\"icon-top-bar\">\r\n\r\n        <div class=\"one-icon-div left\">\r\n\r\n        <i class=\"fa fa-star\" aria-hidden=\"true\"><\/i><h3>Meilleur Prix Garanti<\/h3>\r\n\r\n        <\/div>\r\n\r\n        <div class=\"one-icon-div center\">\r\n\r\n        <i class=\"fa fa-tags\" aria-hidden=\"true\"><\/i><h3>Offres exclusives<\/h3>\r\n\r\n        <\/div>\r\n\r\n        <div class=\"one-icon-div right\">\r\n\r\n        <i class=\"fa fa-user\" aria-hidden=\"true\"><\/i><h3>Services personnalis\u00e9s<\/h3>\r\n\r\n        <\/div>\r\n\r\n    <\/div>\r\n\r\n\r\n<script class=\"kas_online_reception\" src=\"https:\/\/wubook.net\/js\/nebk\/bwidget.jgz\" data-wid=\"047cfe91-93dc-475d-9807-7c61409e04d4\"><\/script>\r\n\r\n  [\/vc_column_text][\/vc_column][\/vc_row][vc_row rt_row_background_width=\u00a0\u00bbdefault\u00a0\u00bb rt_row_style=\u00a0\u00bbdefault-style\u00a0\u00bb rt_row_borders=\u00a0\u00bb\u00a0\u00bb rt_overlap=\u00a0\u00bbtrue\u00a0\u00bb rt_row_paddings=\u00a0\u00bbtrue\u00a0\u00bb rt_bg_effect=\u00a0\u00bbclassic\u00a0\u00bb rt_bg_image_repeat=\u00a0\u00bbrepeat\u00a0\u00bb rt_bg_size=\u00a0\u00bbcover\u00a0\u00bb rt_bg_position=\u00a0\u00bbright top\u00a0\u00bb rt_bg_attachment=\u00a0\u00bbscroll\u00a0\u00bb rt_bg_video_format=\u00a0\u00bbself-hosted\u00a0\u00bb][vc_column rt_bg_image_repeat=\u00a0\u00bbrepeat\u00a0\u00bb rt_bg_size=\u00a0\u00bbauto auto\u00a0\u00bb rt_bg_attachment=\u00a0\u00bbscroll\u00a0\u00bb][vc_column_text]B&amp;B \u00e0 Villa Vacanze Paradiso se trouve \u00e0 Neviano pr\u00e8s de Gallipoli, l&rsquo;endroit o\u00f9 vous pouvez b\u00e9n\u00e9ficier de la meilleure relaxation, est la piscine: dans le vert de l&rsquo;oliveraie et avec une vue \u00e0 couper le souffle, peut \u00eatre consid\u00e9r\u00e9 comme l&rsquo;endroit id\u00e9al pour passer le plus de temps divertir ou se d\u00e9tendre dans vos vacances dans le Salento.[\/vc_column_text][vc_empty_space height=\u00a0\u00bb40px\u00a0\u00bb][vc_row_inner rt_row_style=\u00a0\u00bbglobal-style\u00a0\u00bb][vc_column_inner width=\u00a0\u00bb1\/2&Prime; rt_bg_image_repeat=\u00a0\u00bbrepeat\u00a0\u00bb rt_bg_size=\u00a0\u00bbauto auto\u00a0\u00bb rt_bg_attachment=\u00a0\u00bbscroll\u00a0\u00bb]<div class=\"rt_heading_wrapper style-1\">\n\t\t\t\t\t\t\n\t\t\t\t\t\t<h3 class=\"rt_heading  style-1\" >Piscine moderne adapt\u00e9e \u00e0 tous les \u00e2ges<\/h3>\n\t\t\t\t\t<\/div>[vc_column_text]Convient aussi bien pour les adultes et les enfants, la piscine dispose \u00e9galement d&rsquo;un grand solarium avec douche, chaises longues et des chaises longues.<\/p>\n<p>Un emplacement magique entour\u00e9 de verdure, la piscine de la r\u00e9sidence Villa Vacanze Paradiso est le fer de lance de l&rsquo;ensemble de la structure et est le principal lieu o\u00f9 le plaisir et la d\u00e9tente sont r\u00e9unis pour des vacances de r\u00eave dans le Salento.[\/vc_column_text][vc_empty_space height=\u00a0\u00bb20px\u00a0\u00bb]<div class=\"rt_heading_wrapper style-1\">\n\t\t\t\t\t\t\n\t\t\t\t\t\t<h3 class=\"rt_heading  style-1\" >La piscine ext\u00e9rieure de la r\u00e9sidence<\/h3>\n\t\t\t\t\t<\/div>[vc_column_text]Ensoleill\u00e9 du matin jusqu&rsquo;\u00e0 la fin de l&rsquo;apr\u00e8s-midi, il offre la possibilit\u00e9 de profiter d&rsquo;un coucher de soleil \u00e0 couper le souffle pour ceux qui restent jusqu&rsquo;au soir. Un vrai bijou que vous ne pouvez pas abandonner.[\/vc_column_text][\/vc_column_inner][vc_column_inner width=\u00a0\u00bb1\/2&Prime; rt_bg_image_repeat=\u00a0\u00bbrepeat\u00a0\u00bb rt_bg_size=\u00a0\u00bbauto auto\u00a0\u00bb rt_bg_attachment=\u00a0\u00bbscroll\u00a0\u00bb][vc_column_text]\n\t\t<!-- MasterSlider -->\n\t\t<div id=\"P_MS69f210b9139df\" class=\"master-slider-parent msl ms-parent-id-14\" style=\"max-width:800px;\"  >\n\n\t\t\t\n\t\t\t<!-- MasterSlider Main -->\n\t\t\t<div id=\"MS69f210b9139df\" class=\"master-slider ms-skin-default\" >\n\t\t\t\t \t\t\t\t \n\t\t\t\t<div  class=\"ms-slide\" data-delay=\"3\" data-fill-mode=\"fill\"  >\n\t\t\t\t\t<img decoding=\"async\" src=\"https:\/\/www.villavacanzeparadiso.com\/wp-content\/plugins\/master-slider\/public\/assets\/css\/blank.gif\" alt=\"Piscina\" title=\"\" data-src=\"https:\/\/www.villavacanzeparadiso.com\/wp-content\/uploads\/2016\/05\/gallery-piscina-1.jpg\" \/>\n\n\n\t<img decoding=\"async\" class=\"ms-thumb\" src=\"https:\/\/www.villavacanzeparadiso.com\/wp-content\/uploads\/2016\/05\/gallery-piscina-1-140x80.jpg\" alt=\"Piscina\" \/>\n\t<div class=\"ms-thumb\" ><div class=\"ms-tab-context\"><div class=&quot;ms-tab-context&quot;><\/div><\/div>\n<\/div>\n\t\t\t\t<\/div>\n\t\t\t\t<div  class=\"ms-slide\" data-delay=\"3\" data-fill-mode=\"fill\"  >\n\t\t\t\t\t<img decoding=\"async\" src=\"https:\/\/www.villavacanzeparadiso.com\/wp-content\/plugins\/master-slider\/public\/assets\/css\/blank.gif\" alt=\"Piscina\" title=\"\" data-src=\"https:\/\/www.villavacanzeparadiso.com\/wp-content\/uploads\/2016\/05\/gallery-piscina-2.jpg\" \/>\n\n\n\t<img decoding=\"async\" class=\"ms-thumb\" src=\"https:\/\/www.villavacanzeparadiso.com\/wp-content\/uploads\/2016\/05\/gallery-piscina-2-140x80.jpg\" alt=\"Piscina\" \/>\n\t<div class=\"ms-thumb\" ><div class=\"ms-tab-context\"><div class=&quot;ms-tab-context&quot;><\/div><\/div>\n<\/div>\n\t\t\t\t<\/div>\n\t\t\t\t<div  class=\"ms-slide\" data-delay=\"3\" data-fill-mode=\"fill\"  >\n\t\t\t\t\t<img decoding=\"async\" src=\"https:\/\/www.villavacanzeparadiso.com\/wp-content\/plugins\/master-slider\/public\/assets\/css\/blank.gif\" alt=\"Piscina\" title=\"\" data-src=\"https:\/\/www.villavacanzeparadiso.com\/wp-content\/uploads\/2016\/05\/gallery-piscina-3.jpg\" \/>\n\n\n\t<img decoding=\"async\" class=\"ms-thumb\" src=\"https:\/\/www.villavacanzeparadiso.com\/wp-content\/uploads\/2016\/05\/gallery-piscina-3-140x80.jpg\" alt=\"Piscina\" \/>\n\t<div class=\"ms-thumb\" ><div class=\"ms-tab-context\"><div class=&quot;ms-tab-context&quot;><\/div><\/div>\n<\/div>\n\t\t\t\t<\/div>\n\t\t\t\t<div  class=\"ms-slide\" data-delay=\"3\" data-fill-mode=\"fill\"  >\n\t\t\t\t\t<img decoding=\"async\" src=\"https:\/\/www.villavacanzeparadiso.com\/wp-content\/plugins\/master-slider\/public\/assets\/css\/blank.gif\" alt=\"Piscina\" title=\"\" data-src=\"https:\/\/www.villavacanzeparadiso.com\/wp-content\/uploads\/2016\/12\/piscina-gallery-1.jpg\" \/>\n\n\n\t<img decoding=\"async\" class=\"ms-thumb\" src=\"https:\/\/www.villavacanzeparadiso.com\/wp-content\/uploads\/2016\/12\/piscina-gallery-1-140x80.jpg\" alt=\"Piscina\" \/>\n\t<div class=\"ms-thumb\" ><div class=\"ms-tab-context\"><div class=&quot;ms-tab-context&quot;><\/div><\/div>\n<\/div>\n\t\t\t\t<\/div>\n\t\t\t\t<div  class=\"ms-slide\" data-delay=\"3\" data-fill-mode=\"fill\"  >\n\t\t\t\t\t<img decoding=\"async\" src=\"https:\/\/www.villavacanzeparadiso.com\/wp-content\/plugins\/master-slider\/public\/assets\/css\/blank.gif\" alt=\"Piscina\" title=\"\" data-src=\"https:\/\/www.villavacanzeparadiso.com\/wp-content\/uploads\/2016\/05\/gallery-piscina-5.jpg\" \/>\n\n\n\t<img decoding=\"async\" class=\"ms-thumb\" src=\"https:\/\/www.villavacanzeparadiso.com\/wp-content\/uploads\/2016\/05\/gallery-piscina-5-140x80.jpg\" alt=\"Piscina\" \/>\n\t<div class=\"ms-thumb\" ><div class=\"ms-tab-context\"><div class=&quot;ms-tab-context&quot;><\/div><\/div>\n<\/div>\n\t\t\t\t<\/div>\n\t\t\t\t<div  class=\"ms-slide\" data-delay=\"3\" data-fill-mode=\"fill\"  >\n\t\t\t\t\t<img decoding=\"async\" src=\"https:\/\/www.villavacanzeparadiso.com\/wp-content\/plugins\/master-slider\/public\/assets\/css\/blank.gif\" alt=\"Piscina\" title=\"\" data-src=\"https:\/\/www.villavacanzeparadiso.com\/wp-content\/uploads\/2016\/05\/gallery-piscina-6.jpg\" \/>\n\n\n\t<img decoding=\"async\" class=\"ms-thumb\" src=\"https:\/\/www.villavacanzeparadiso.com\/wp-content\/uploads\/2016\/05\/gallery-piscina-6-140x80.jpg\" alt=\"Piscina\" \/>\n\t<div class=\"ms-thumb\" ><div class=\"ms-tab-context\"><div class=&quot;ms-tab-context&quot;><\/div><\/div>\n<\/div>\n\t\t\t\t<\/div>\n\t\t\t\t<div  class=\"ms-slide\" data-delay=\"3\" data-fill-mode=\"fill\"  >\n\t\t\t\t\t<img decoding=\"async\" src=\"https:\/\/www.villavacanzeparadiso.com\/wp-content\/plugins\/master-slider\/public\/assets\/css\/blank.gif\" alt=\"Piscina\" title=\"\" data-src=\"https:\/\/www.villavacanzeparadiso.com\/wp-content\/uploads\/2016\/05\/gallery-piscina-7.jpg\" \/>\n\n\n\t<img decoding=\"async\" class=\"ms-thumb\" src=\"https:\/\/www.villavacanzeparadiso.com\/wp-content\/uploads\/2016\/05\/gallery-piscina-7-140x80.jpg\" alt=\"Piscina\" \/>\n\t<div class=\"ms-thumb\" ><div class=\"ms-tab-context\"><div class=&quot;ms-tab-context&quot;><\/div><\/div>\n<\/div>\n\t\t\t\t<\/div>\n\t\t\t\t<div  class=\"ms-slide\" data-delay=\"3\" data-fill-mode=\"fill\"  >\n\t\t\t\t\t<img decoding=\"async\" src=\"https:\/\/www.villavacanzeparadiso.com\/wp-content\/plugins\/master-slider\/public\/assets\/css\/blank.gif\" alt=\"Piscina\" title=\"\" data-src=\"https:\/\/www.villavacanzeparadiso.com\/wp-content\/uploads\/2016\/05\/gallery-piscina-8.jpg\" \/>\n\n\n\t<img decoding=\"async\" class=\"ms-thumb\" src=\"https:\/\/www.villavacanzeparadiso.com\/wp-content\/uploads\/2016\/05\/gallery-piscina-8-140x80.jpg\" alt=\"Piscina\" \/>\n\t<div class=\"ms-thumb\" ><div class=\"ms-tab-context\"><div class=&quot;ms-tab-context&quot;><\/div><\/div>\n<\/div>\n\t\t\t\t<\/div>\n\n\t\t\t<\/div>\n\t\t\t<!-- END MasterSlider Main -->\n\n\t\t\t \n\t\t<\/div>\n\t\t<!-- END MasterSlider -->\n\n\t\t<script>\n\t\t(function ( $ ) {\n\t\t\t\"use strict\";\n\n\t\t\t$(function () {\n\t\t\t\tvar masterslider_39df = new MasterSlider();\n\n\t\t\t\t\/\/ slider controls\n\t\t\t\tmasterslider_39df.control('arrows'     ,{ autohide:false, overVideo:true  });\t\t\t\tmasterslider_39df.control('bullets'    ,{ autohide:false, overVideo:true, dir:'h', align:'bottom' , margin:10  });\n\n\t\t\t\tmasterslider_39df.control('thumblist'  ,{ autohide:false, overVideo:true, dir:'h', speed:17, inset:false, arrows:false, hover:false, customClass:'', align:'bottom',type:'thumbs', margin:5, width:140, height:80, space:5, fillMode:'fill'  });\n\t\t\t\t\/\/ slider setup\n\t\t\t\tmasterslider_39df.setup(\"MS69f210b9139df\", {\n\t\t\t\t\t\twidth           : 800,\n\t\t\t\t\t\theight          : 533,\n\t\t\t\t\t\tminHeight       : 0,\n\t\t\t\t\t\tspace           : 0,\n\t\t\t\t\t\tstart           : 1,\n\t\t\t\t\t\tgrabCursor      : true,\n\t\t\t\t\t\tswipe           : true,\n\t\t\t\t\t\tmouse           : true,\n\t\t\t\t\t\tlayout          : \"boxed\",\n\t\t\t\t\t\twheel           : false,\n\t\t\t\t\t\tautoplay        : false,\n\t\t\t\t\t\tinstantStartLayers:false,\n\t\t\t\t\t\tloop            : true,\n\t\t\t\t\t\tshuffle         : false,\n\t\t\t\t\t\tpreload         : 0,\n\t\t\t\t\t\theightLimit     : true,\n\t\t\t\t\t\tautoHeight      : false,\n\t\t\t\t\t\tsmoothHeight    : true,\n\t\t\t\t\t\tendPause        : false,\n\t\t\t\t\t\toverPause       : true,\n\t\t\t\t\t\tfillMode        : \"fill\",\n\t\t\t\t\t\tcenterControls  : true,\n\t\t\t\t\t\tstartOnAppear   : false,\n\t\t\t\t\t\tlayersMode      : \"center\",\n\t\t\t\t\t\thideLayers      : false,\n\t\t\t\t\t\tfullscreenMargin: 0,\n\t\t\t\t\t\tspeed           : 20,\n\t\t\t\t\t\tdir             : \"h\",\n\t\t\t\t\t\tparallaxMode    : 'swipe',\n\t\t\t\t\t\tview            : \"basic\"\n\t\t\t\t});\n\n\t\t\t\t\n\t\t\t\twindow.masterslider_instances = window.masterslider_instances || [];\n\t\t\t\twindow.masterslider_instances.push( masterslider_39df );\n\t\t\t });\n\n\t\t})(jQuery);\n\t\t<\/script>\n\n[\/vc_column_text][\/vc_column_inner][\/vc_row_inner][vc_empty_space height=\u00a0\u00bb20px\u00a0\u00bb][vc_column_text]Le B&amp;B Villa Vacanze Paradiso offre \u00e9galement de nombreux services con\u00e7us pour r\u00e9pondre aux diff\u00e9rents besoins de nos clients.<\/p>\n<p>Vous pourrez choisir entre des chambres \u00e9l\u00e9gantes dans B&amp;B ou maisons de vacances compl\u00e8tes avec toutes les commodit\u00e9s.<\/p>\n<p>Merci \u00e0 son emplacement favorable, notre r\u00e9sidence pr\u00e8s de Gallipoli est l&#8217;emplacement optimal pour un agr\u00e9able s\u00e9jour dans le Salento.<\/p>\n<p>Il est \u00e0 la disposition de nos clients une piscine avec tout le confort qui peut \u00eatre offert par la piscine, comme une douche, des chaises longues et des chaises longues et des parasols.<\/p>\n<p><small>La piscine, qui est priv\u00e9 et \u00e0 l&rsquo;usage exclusif de la famille et de ses invit\u00e9s, il a l&rsquo;aide d&rsquo;un ma\u00eetre nageur, la signature est n\u00e9cessaire, pour les clients qui souhaitent profiter, sur un formulaire fourni par l&rsquo;\u00e9tablissement, dont la lib\u00e9ration soulever la propri\u00e9t\u00e9 de toute responsabilit\u00e9.<\/small>[\/vc_column_text][\/vc_column][\/vc_row]<\/p>\n<\/div>","protected":false},"excerpt":{"rendered":"<p>[vc_row rt_row_background_width=\u00a0\u00bbfullwidth\u00a0\u00bb rt_row_content_width=\u00a0\u00bbfullwidth\u00a0\u00bb rt_row_style=\u00a0\u00bbdefault-style\u00a0\u00bb rt_row_borders=\u00a0\u00bb\u00a0\u00bb rt_row_paddings=\u00a0\u00bbfalse\u00a0\u00bb rt_bg_effect=\u00a0\u00bbparallax\u00a0\u00bb rt_bg_parallax_effect=\u00a0\u00bb1&Prime; rt_bg_image_repeat=\u00a0\u00bbno-repeat\u00a0\u00bb rt_bg_size=\u00a0\u00bb100% auto\u00a0\u00bb rt_bg_position=\u00a0\u00bbright top\u00a0\u00bb rt_bg_video_format=\u00a0\u00bbself-hosted\u00a0\u00bb rt_row_width=\u00a0\u00bbdefault\u00a0\u00bb rt_row_placement=\u00a0\u00bbtrue\u00a0\u00bb][vc_column rt_bg_image_repeat=\u00a0\u00bbrepeat\u00a0\u00bb rt_bg_size=\u00a0\u00bb100% auto\u00a0\u00bb rt_bg_attachment=\u00a0\u00bbfixed\u00a0\u00bb rt_padding_top=\u00a0\u00bb0px\u00a0\u00bb rt_padding_bottom=\u00a0\u00bb0px\u00a0\u00bb rt_padding_left=\u00a0\u00bb0px\u00a0\u00bb rt_padding_right=\u00a0\u00bb0px\u00a0\u00bb][vc_single_image image=\u00a0\u00bb6001&Prime; img_size=\u00a0\u00bbfull\u00a0\u00bb alignment=\u00a0\u00bbcenter\u00a0\u00bb css=\u00a0\u00bb.vc_custom_1482242855869{padding-top: 0px !important;padding-right: 0px !important;padding-bottom: 0px !important;padding-left: 0px !important;}\u00a0\u00bb][\/vc_column][\/vc_row][vc_row rt_row_background_width=\u00a0\u00bbfullwidth\u00a0\u00bb rt_row_content_width=\u00a0\u00bbdefault\u00a0\u00bb rt_row_style=\u00a0\u00bbdefault-style\u00a0\u00bb rt_row_borders=\u00a0\u00bbbottom\u00a0\u00bb rt_row_paddings=\u00a0\u00bbtrue\u00a0\u00bb rt_bg_effect=\u00a0\u00bbparallax\u00a0\u00bb rt_bg_parallax_effect=\u00a0\u00bb1&Prime; rt_bg_image_repeat=\u00a0\u00bbrepeat\u00a0\u00bb rt_bg_size=\u00a0\u00bbauto auto\u00a0\u00bb rt_bg_position=\u00a0\u00bbright top\u00a0\u00bb rt_bg_video_format=\u00a0\u00bbself-hosted\u00a0\u00bb rt_row_width=\u00a0\u00bbdefault\u00a0\u00bb rt_row_placement=\u00a0\u00bbtrue\u00a0\u00bb class=\u00a0\u00bbstriscia-form\u00a0\u00bb rt_bg_color=\u00a0\u00bb#18693b\u00a0\u00bb rt_padding_bottom=\u00a0\u00bb50px\u00a0\u00bb][vc_column rt_bg_image_repeat=\u00a0\u00bbrepeat\u00a0\u00bb [&hellip;]<\/p>\n","protected":false},"author":3,"featured_media":0,"parent":0,"menu_order":0,"comment_status":"closed","ping_status":"closed","template":"","meta":{"footnotes":""},"class_list":["post-5591","page","type-page","status-publish","hentry"],"_links":{"self":[{"href":"https:\/\/www.villavacanzeparadiso.com\/fr\/wp-json\/wp\/v2\/pages\/5591","targetHints":{"allow":["GET"]}}],"collection":[{"href":"https:\/\/www.villavacanzeparadiso.com\/fr\/wp-json\/wp\/v2\/pages"}],"about":[{"href":"https:\/\/www.villavacanzeparadiso.com\/fr\/wp-json\/wp\/v2\/types\/page"}],"author":[{"embeddable":true,"href":"https:\/\/www.villavacanzeparadiso.com\/fr\/wp-json\/wp\/v2\/users\/3"}],"replies":[{"embeddable":true,"href":"https:\/\/www.villavacanzeparadiso.com\/fr\/wp-json\/wp\/v2\/comments?post=5591"}],"version-history":[{"count":0,"href":"https:\/\/www.villavacanzeparadiso.com\/fr\/wp-json\/wp\/v2\/pages\/5591\/revisions"}],"wp:attachment":[{"href":"https:\/\/www.villavacanzeparadiso.com\/fr\/wp-json\/wp\/v2\/media?parent=5591"}],"curies":[{"name":"wp","href":"https:\/\/api.w.org\/{rel}","templated":true}]}}