{"id":5607,"date":"2016-06-01T10:39:25","date_gmt":"2016-06-01T08:39:25","guid":{"rendered":"https:\/\/www.villavacanzeparadiso.com\/?page_id=5607"},"modified":"2023-07-07T16:43:55","modified_gmt":"2023-07-07T14:43:55","slug":"servizi-del-residence","status":"publish","type":"page","link":"https:\/\/www.villavacanzeparadiso.com\/fr\/servizi-del-residence\/","title":{"rendered":"Service"},"content":{"rendered":"<div class=\"wpb-content-wrapper\"><p>[vc_row rt_row_background_width=\u00a0\u00bbfullwidth\u00a0\u00bb rt_row_content_width=\u00a0\u00bbfullwidth\u00a0\u00bb rt_row_style=\u00a0\u00bbdefault-style\u00a0\u00bb rt_row_borders=\u00a0\u00bb\u00a0\u00bb rt_row_paddings=\u00a0\u00bbfalse\u00a0\u00bb rt_bg_effect=\u00a0\u00bbparallax\u00a0\u00bb rt_bg_parallax_effect=\u00a0\u00bb1&Prime; rt_bg_image_repeat=\u00a0\u00bbno-repeat\u00a0\u00bb rt_bg_size=\u00a0\u00bb100% auto\u00a0\u00bb rt_bg_position=\u00a0\u00bbright top\u00a0\u00bb rt_bg_video_format=\u00a0\u00bbself-hosted\u00a0\u00bb rt_row_width=\u00a0\u00bbdefault\u00a0\u00bb rt_row_placement=\u00a0\u00bbtrue\u00a0\u00bb][vc_column rt_bg_image_repeat=\u00a0\u00bbrepeat\u00a0\u00bb rt_bg_size=\u00a0\u00bb100% auto\u00a0\u00bb rt_bg_attachment=\u00a0\u00bbfixed\u00a0\u00bb rt_padding_top=\u00a0\u00bb0px\u00a0\u00bb rt_padding_bottom=\u00a0\u00bb0px\u00a0\u00bb rt_padding_left=\u00a0\u00bb0px\u00a0\u00bb rt_padding_right=\u00a0\u00bb0px\u00a0\u00bb][vc_single_image image=\u00a0\u00bb6041&Prime; img_size=\u00a0\u00bbfull\u00a0\u00bb alignment=\u00a0\u00bbcenter\u00a0\u00bb css=\u00a0\u00bb.vc_custom_1482243991878{padding-top: 0px !important;padding-right: 0px !important;padding-bottom: 0px !important;padding-left: 0px !important;}\u00a0\u00bb][\/vc_column][\/vc_row][vc_row rt_row_background_width=\u00a0\u00bbfullwidth\u00a0\u00bb rt_row_content_width=\u00a0\u00bbdefault\u00a0\u00bb rt_row_style=\u00a0\u00bbdefault-style\u00a0\u00bb rt_row_borders=\u00a0\u00bbbottom\u00a0\u00bb rt_row_paddings=\u00a0\u00bbtrue\u00a0\u00bb rt_bg_effect=\u00a0\u00bbparallax\u00a0\u00bb rt_bg_parallax_effect=\u00a0\u00bb1&Prime; rt_bg_image_repeat=\u00a0\u00bbrepeat\u00a0\u00bb rt_bg_size=\u00a0\u00bbauto auto\u00a0\u00bb rt_bg_position=\u00a0\u00bbright top\u00a0\u00bb rt_bg_video_format=\u00a0\u00bbself-hosted\u00a0\u00bb rt_row_width=\u00a0\u00bbdefault\u00a0\u00bb rt_row_placement=\u00a0\u00bbtrue\u00a0\u00bb class=\u00a0\u00bbstriscia-form\u00a0\u00bb rt_bg_color=\u00a0\u00bb#18693b\u00a0\u00bb rt_padding_bottom=\u00a0\u00bb50px\u00a0\u00bb][vc_column rt_bg_image_repeat=\u00a0\u00bbrepeat\u00a0\u00bb rt_bg_size=\u00a0\u00bbauto auto\u00a0\u00bb rt_bg_attachment=\u00a0\u00bbscroll\u00a0\u00bb][vc_column_text]\r\n\r\n    <div class=\"icon-top-bar\">\r\n\r\n        <div class=\"one-icon-div left\">\r\n\r\n        <i class=\"fa fa-star\" aria-hidden=\"true\"><\/i><h3>Meilleur Prix Garanti<\/h3>\r\n\r\n        <\/div>\r\n\r\n        <div class=\"one-icon-div center\">\r\n\r\n        <i class=\"fa fa-tags\" aria-hidden=\"true\"><\/i><h3>Offres exclusives<\/h3>\r\n\r\n        <\/div>\r\n\r\n        <div class=\"one-icon-div right\">\r\n\r\n        <i class=\"fa fa-user\" aria-hidden=\"true\"><\/i><h3>Services personnalis\u00e9s<\/h3>\r\n\r\n        <\/div>\r\n\r\n    <\/div>\r\n\r\n\r\n<script class=\"kas_online_reception\" src=\"https:\/\/wubook.net\/js\/nebk\/bwidget.jgz\" data-wid=\"047cfe91-93dc-475d-9807-7c61409e04d4\"><\/script>\r\n\r\n  [\/vc_column_text][\/vc_column][\/vc_row][vc_row rt_row_background_width=\u00a0\u00bbdefault\u00a0\u00bb rt_row_style=\u00a0\u00bbdefault-style\u00a0\u00bb rt_row_borders=\u00a0\u00bb\u00a0\u00bb rt_overlap=\u00a0\u00bbtrue\u00a0\u00bb rt_row_paddings=\u00a0\u00bbtrue\u00a0\u00bb rt_bg_effect=\u00a0\u00bbclassic\u00a0\u00bb rt_bg_image_repeat=\u00a0\u00bbrepeat\u00a0\u00bb rt_bg_size=\u00a0\u00bbcover\u00a0\u00bb rt_bg_position=\u00a0\u00bbright top\u00a0\u00bb rt_bg_attachment=\u00a0\u00bbscroll\u00a0\u00bb rt_bg_video_format=\u00a0\u00bbself-hosted\u00a0\u00bb][vc_column rt_bg_image_repeat=\u00a0\u00bbrepeat\u00a0\u00bb rt_bg_size=\u00a0\u00bbauto auto\u00a0\u00bb rt_bg_attachment=\u00a0\u00bbscroll\u00a0\u00bb][vc_column_text]R\u00e9sidence Villa Vacanze Paradiso, Neviano pr\u00e8s de Gallipoli, ne quitte jamais ses clients.<\/p>\n<p><strong>LANGUES PARL\u00c9ES<\/strong>: Allemand &#8211; Francais &#8211; Anglais &#8211; Russe &#8211; Roumain<br \/>\n<strong>SERVICES OFFERTS<\/strong>: Baby Sitter &#8211; Mini club &#8211; Service de Navette depuis et vers les a\u00e9roports de Brindisi et Bari et la gare de Lecce<br \/>\nLa <strong>PISCINE<\/strong> sera ouverte du 1er Juin au 31 October.<\/p>\n<p>Notre \u00e9quipement, de sorte que le s\u00e9jour dans le Salento est toujours plein de surprises et int\u00e9ressant.<\/p>\n<p>Les nombreux services offerts sont con\u00e7us pour r\u00e9pondre aux diff\u00e9rents types de clients issus de familles avec enfants aux couples.<\/p>\n<p>La fiert\u00e9 de ce magnifique cadre naturel est la piscine moderne de la r\u00e9sidence, id\u00e9ale pour les enfants et les adultes, qui, apr\u00e8s un bain peut vous d\u00e9tendre et bronzer sur les chaises longues mises \u00e0 leur disposition.[\/vc_column_text][vc_empty_space height=\u00a0\u00bb20px\u00a0\u00bb][vc_row_inner rt_row_style=\u00a0\u00bbglobal-style\u00a0\u00bb][vc_column_inner width=\u00a0\u00bb1\/2&Prime; rt_bg_image_repeat=\u00a0\u00bbrepeat\u00a0\u00bb rt_bg_size=\u00a0\u00bbauto auto\u00a0\u00bb rt_bg_attachment=\u00a0\u00bbscroll\u00a0\u00bb][vc_column_text]A l&rsquo;int\u00e9rieur du jardin, il est \u00e0 la disposition de nos clients, un espace multifonctionnel couvert pour le petit-d\u00e9jeuner, animation, DVD home cin\u00e9ma. La structure enti\u00e8re est recouverte d&rsquo;une connexion Internet enti\u00e8rement gratuit wi-fi pour nos clients.<\/p>\n<p>Le Wi-Fi est disponible \u00e0 la fois \u00e0 l&rsquo;int\u00e9rieur et \u00e0 l&rsquo;ext\u00e9rieur des maisons et des chambres.<\/p>\n<p>Dans notre parc, vous trouverez beaucoup d&rsquo;amusement et jeux: tennis de table, mini-bowling, dames g\u00e9ant et divers jeux pour les enfants.<\/p>\n<p>Un <strong>parking priv\u00e9<\/strong> et <strong>une machine \u00e0 laver partag\u00e9e<\/strong>\u00a0sont \u00e0 la disposition de nos clients, ainsi que pour les familles avec enfants sont disponibles lit b\u00e9b\u00e9, poussette et parc. Ces enfants services sont limit\u00e9s et sous r\u00e9serve de disponibilit\u00e9.<\/p>\n<p>Notre r\u00e9sidence pr\u00e8s de Gallipoli, dans la belle ville de Neviano, est l&rsquo;endroit id\u00e9al pour les familles, les couples et les groupes en qu\u00eate de d\u00e9tente et de la culture dans le cadre magnifique de la nature Salento.[\/vc_column_text][\/vc_column_inner][vc_column_inner width=\u00a0\u00bb1\/2&Prime; rt_bg_image_repeat=\u00a0\u00bbrepeat\u00a0\u00bb rt_bg_size=\u00a0\u00bbauto auto\u00a0\u00bb rt_bg_attachment=\u00a0\u00bbscroll\u00a0\u00bb][vc_single_image image=\u00a0\u00bb4287&Prime; img_size=\u00a0\u00bbfull\u00a0\u00bb alignment=\u00a0\u00bbcenter\u00a0\u00bb][\/vc_column_inner][\/vc_row_inner][vc_empty_space height=\u00a0\u00bb40px\u00a0\u00bb]<div class=\"rt_heading_wrapper style-1\">\n\t\t\t\t\t\t\n\t\t\t\t\t\t<h3 class=\"rt_heading  style-1\" >Vacances avec toutes les commodit\u00e9s \u00e0 Salento<\/h3>\n\t\t\t\t\t<\/div>[vc_column_text]<strong>Nous proposons \u00e0 nos clients des services touristiques tels que:<\/strong><\/p>\n<ul class=\"descr-dettaglio fa-ul\">\n<li><i class=\"fa-li fa fa-check\"><\/i>Excursions et visites guid\u00e9es dans le Salento<\/li>\n<li><i class=\"fa-li fa fa-check\"><\/i>Services d&rsquo;orientation Langue: italien, fran\u00e7ais, anglais<\/li>\n<li><i class=\"fa-li fa fa-check\"><\/i>Visites de vignobles avec d\u00e9gustation de produits du terroir et l&rsquo;artisanat local<\/li>\n<li><i class=\"fa-li fa fa-check\"><\/i>Liste Tuor de recommand\u00e9 Villa Vacanze Paradiso<\/li>\n<\/ul>\n<p>La r\u00e9sidence Villa Vacanze Paradiso offre un service complet con\u00e7u pour r\u00e9pondre aux besoins de nos clients pour garantir un s\u00e9jour m\u00e9morable dans le Salento.[\/vc_column_text][\/vc_column][\/vc_row]<\/p>\n<\/div>","protected":false},"excerpt":{"rendered":"<p>[vc_row rt_row_background_width=\u00a0\u00bbfullwidth\u00a0\u00bb rt_row_content_width=\u00a0\u00bbfullwidth\u00a0\u00bb rt_row_style=\u00a0\u00bbdefault-style\u00a0\u00bb rt_row_borders=\u00a0\u00bb\u00a0\u00bb rt_row_paddings=\u00a0\u00bbfalse\u00a0\u00bb rt_bg_effect=\u00a0\u00bbparallax\u00a0\u00bb rt_bg_parallax_effect=\u00a0\u00bb1&Prime; rt_bg_image_repeat=\u00a0\u00bbno-repeat\u00a0\u00bb rt_bg_size=\u00a0\u00bb100% auto\u00a0\u00bb rt_bg_position=\u00a0\u00bbright top\u00a0\u00bb rt_bg_video_format=\u00a0\u00bbself-hosted\u00a0\u00bb rt_row_width=\u00a0\u00bbdefault\u00a0\u00bb rt_row_placement=\u00a0\u00bbtrue\u00a0\u00bb][vc_column rt_bg_image_repeat=\u00a0\u00bbrepeat\u00a0\u00bb rt_bg_size=\u00a0\u00bb100% auto\u00a0\u00bb rt_bg_attachment=\u00a0\u00bbfixed\u00a0\u00bb rt_padding_top=\u00a0\u00bb0px\u00a0\u00bb rt_padding_bottom=\u00a0\u00bb0px\u00a0\u00bb rt_padding_left=\u00a0\u00bb0px\u00a0\u00bb rt_padding_right=\u00a0\u00bb0px\u00a0\u00bb][vc_single_image image=\u00a0\u00bb6041&Prime; img_size=\u00a0\u00bbfull\u00a0\u00bb alignment=\u00a0\u00bbcenter\u00a0\u00bb css=\u00a0\u00bb.vc_custom_1482243991878{padding-top: 0px !important;padding-right: 0px !important;padding-bottom: 0px !important;padding-left: 0px !important;}\u00a0\u00bb][\/vc_column][\/vc_row][vc_row rt_row_background_width=\u00a0\u00bbfullwidth\u00a0\u00bb rt_row_content_width=\u00a0\u00bbdefault\u00a0\u00bb rt_row_style=\u00a0\u00bbdefault-style\u00a0\u00bb rt_row_borders=\u00a0\u00bbbottom\u00a0\u00bb rt_row_paddings=\u00a0\u00bbtrue\u00a0\u00bb rt_bg_effect=\u00a0\u00bbparallax\u00a0\u00bb rt_bg_parallax_effect=\u00a0\u00bb1&Prime; rt_bg_image_repeat=\u00a0\u00bbrepeat\u00a0\u00bb rt_bg_size=\u00a0\u00bbauto auto\u00a0\u00bb rt_bg_position=\u00a0\u00bbright top\u00a0\u00bb rt_bg_video_format=\u00a0\u00bbself-hosted\u00a0\u00bb rt_row_width=\u00a0\u00bbdefault\u00a0\u00bb rt_row_placement=\u00a0\u00bbtrue\u00a0\u00bb class=\u00a0\u00bbstriscia-form\u00a0\u00bb rt_bg_color=\u00a0\u00bb#18693b\u00a0\u00bb rt_padding_bottom=\u00a0\u00bb50px\u00a0\u00bb][vc_column rt_bg_image_repeat=\u00a0\u00bbrepeat\u00a0\u00bb [&hellip;]<\/p>\n","protected":false},"author":3,"featured_media":0,"parent":0,"menu_order":0,"comment_status":"closed","ping_status":"closed","template":"","meta":{"footnotes":""},"class_list":["post-5607","page","type-page","status-publish","hentry"],"_links":{"self":[{"href":"https:\/\/www.villavacanzeparadiso.com\/fr\/wp-json\/wp\/v2\/pages\/5607","targetHints":{"allow":["GET"]}}],"collection":[{"href":"https:\/\/www.villavacanzeparadiso.com\/fr\/wp-json\/wp\/v2\/pages"}],"about":[{"href":"https:\/\/www.villavacanzeparadiso.com\/fr\/wp-json\/wp\/v2\/types\/page"}],"author":[{"embeddable":true,"href":"https:\/\/www.villavacanzeparadiso.com\/fr\/wp-json\/wp\/v2\/users\/3"}],"replies":[{"embeddable":true,"href":"https:\/\/www.villavacanzeparadiso.com\/fr\/wp-json\/wp\/v2\/comments?post=5607"}],"version-history":[{"count":6,"href":"https:\/\/www.villavacanzeparadiso.com\/fr\/wp-json\/wp\/v2\/pages\/5607\/revisions"}],"predecessor-version":[{"id":7892,"href":"https:\/\/www.villavacanzeparadiso.com\/fr\/wp-json\/wp\/v2\/pages\/5607\/revisions\/7892"}],"wp:attachment":[{"href":"https:\/\/www.villavacanzeparadiso.com\/fr\/wp-json\/wp\/v2\/media?parent=5607"}],"curies":[{"name":"wp","href":"https:\/\/api.w.org\/{rel}","templated":true}]}}